{"id":110066,"date":"2024-03-20T18:38:26","date_gmt":"2024-03-20T17:38:26","guid":{"rendered":"https:\/\/kustomshop.kinsta.cloud\/produkt\/core-evolve-isolate-parkas-w\/"},"modified":"2026-03-27T15:13:36","modified_gmt":"2026-03-27T14:13:36","slug":"core-evolve-isolate-parkas-w","status":"publish","type":"product","link":"https:\/\/shop.kustom.ch\/fr\/produit\/core-evolve-isolate-parkas-w\/","title":{"rendered":"CORE Evolve Isolate Parkas W"},"content":{"rendered":"<p>CORE Explore Isolate Parkas est une parka chaude pour les joueurs et les entra\u00eeneurs sur la ligne de touche qui ont besoin de rester au chaud par temps froid. Cette parka est isol\u00e9e thermiquement avec du polyamide recycl\u00e9 100% et pr\u00e9sente un m\u00e9lange de surfaces matelass\u00e9es et non matelass\u00e9es qui offrent beaucoup d'espace pour les insignes et les logos des sponsors. Elle dispose en outre d'une fermeture \u00e9clair \u00e0 double sens, de deux poches lat\u00e9rales et d'une capuche.<\/p>\n<p>- 100% Polyamide recycl\u00e9<br \/>\n- fermeture \u00e9clair \u00e0 double sens sur le devant<br \/>\n- Deux poches lat\u00e9rales avec fermeture \u00e9clair<br \/>\n- Capuche<br \/>\n- Coupe normale<\/p>\n<p>Mat\u00e9riau : Upper body : 100% recycl\u00e9-polyester Lower body : 100% recycl\u00e9-polyamide<\/p>","protected":false},"excerpt":{"rendered":"<p><span><\/span><\/p>","protected":false},"featured_media":110065,"template":"","meta":[],"product_brand":[],"product_cat":[4186],"product_tag":[],"class_list":{"0":"post-110066","1":"product","2":"type-product","3":"status-publish","4":"has-post-thumbnail","6":"product_cat-jacken","7":"pa_brand-craft-teamwear","8":"pa_brand-type-sportswear","9":"pa_filter-color-blau","10":"pa_filter-color-schwarz","12":"first","13":"instock","14":"sale","15":"taxable","16":"shipping-taxable","17":"purchasable","18":"product-type-variable","19":"add-to-wishlist-before_image"},"exclude_global_add_ons":[],"addons":[],"acf":[],"_links":{"self":[{"href":"https:\/\/shop.kustom.ch\/fr\/wp-json\/wp\/v2\/product\/110066"}],"collection":[{"href":"https:\/\/shop.kustom.ch\/fr\/wp-json\/wp\/v2\/product"}],"about":[{"href":"https:\/\/shop.kustom.ch\/fr\/wp-json\/wp\/v2\/types\/product"}],"wp:featuredmedia":[{"embeddable":true,"href":"https:\/\/shop.kustom.ch\/fr\/wp-json\/wp\/v2\/media\/110065"}],"wp:attachment":[{"href":"https:\/\/shop.kustom.ch\/fr\/wp-json\/wp\/v2\/media?parent=110066"}],"wp:term":[{"taxonomy":"product_brand","embeddable":true,"href":"https:\/\/shop.kustom.ch\/fr\/wp-json\/wp\/v2\/product_brand?post=110066"},{"taxonomy":"product_cat","embeddable":true,"href":"https:\/\/shop.kustom.ch\/fr\/wp-json\/wp\/v2\/product_cat?post=110066"},{"taxonomy":"product_tag","embeddable":true,"href":"https:\/\/shop.kustom.ch\/fr\/wp-json\/wp\/v2\/product_tag?post=110066"}],"curies":[{"name":"wp","href":"https:\/\/api.w.org\/{rel}","templated":true}]}}