{"id":109984,"date":"2024-03-20T18:37:46","date_gmt":"2024-03-20T17:37:46","guid":{"rendered":"https:\/\/kustomshop.kinsta.cloud\/produkt\/adv-hit-sport-top-2-w\/"},"modified":"2026-03-27T15:12:48","modified_gmt":"2026-03-27T14:12:48","slug":"adv-hit-sport-top-2-w","status":"publish","type":"product","link":"https:\/\/shop.kustom.ch\/fr\/produit\/adv-hit-sport-top-2-w\/","title":{"rendered":"ADV HiT Sport Top 2 W"},"content":{"rendered":"<p>D\u00e9bardeur de sport avec un l\u00e9ger soutien, adapt\u00e9 \u00e0 la plupart des activit\u00e9s sportives. En jersey de polyester et d'\u00e9lasthanne recycl\u00e9, doux et fonctionnel. Bretelles crois\u00e9es dans le dos et doublure opaque sur le devant.<br \/>\n- Un soutien l\u00e9ger<br \/>\n-Bande \u00e9lastique \u00e0 la taille pour un maintien et une tenue optimale<br \/>\n-\u00e9l\u00e9ments perfor\u00e9s sur le devant<br \/>\n-Doublure opaque sur le devant<br \/>\n-bretelles crois\u00e9es dans le dos<\/p>\n<p>Mati\u00e8re : polyester recycl\u00e9 77%, \u00e9lasthanne 23%<\/p>","protected":false},"excerpt":{"rendered":"<p><span><\/span><\/p>","protected":false},"featured_media":109983,"template":"","meta":[],"product_brand":[],"product_cat":[4202],"product_tag":[],"class_list":{"0":"post-109984","1":"product","2":"type-product","3":"status-publish","4":"has-post-thumbnail","6":"product_cat-tank-tops","7":"pa_brand-craft-retail-sportswear","8":"pa_brand-type-sportswear","9":"pa_filter-color-braun","10":"pa_filter-color-rot","12":"first","13":"instock","14":"sale","15":"taxable","16":"shipping-taxable","17":"purchasable","18":"product-type-variable","19":"add-to-wishlist-before_image"},"exclude_global_add_ons":[],"addons":[],"acf":[],"_links":{"self":[{"href":"https:\/\/shop.kustom.ch\/fr\/wp-json\/wp\/v2\/product\/109984"}],"collection":[{"href":"https:\/\/shop.kustom.ch\/fr\/wp-json\/wp\/v2\/product"}],"about":[{"href":"https:\/\/shop.kustom.ch\/fr\/wp-json\/wp\/v2\/types\/product"}],"wp:featuredmedia":[{"embeddable":true,"href":"https:\/\/shop.kustom.ch\/fr\/wp-json\/wp\/v2\/media\/109983"}],"wp:attachment":[{"href":"https:\/\/shop.kustom.ch\/fr\/wp-json\/wp\/v2\/media?parent=109984"}],"wp:term":[{"taxonomy":"product_brand","embeddable":true,"href":"https:\/\/shop.kustom.ch\/fr\/wp-json\/wp\/v2\/product_brand?post=109984"},{"taxonomy":"product_cat","embeddable":true,"href":"https:\/\/shop.kustom.ch\/fr\/wp-json\/wp\/v2\/product_cat?post=109984"},{"taxonomy":"product_tag","embeddable":true,"href":"https:\/\/shop.kustom.ch\/fr\/wp-json\/wp\/v2\/product_tag?post=109984"}],"curies":[{"name":"wp","href":"https:\/\/api.w.org\/{rel}","templated":true}]}}