{"id":109973,"date":"2024-03-20T18:37:41","date_gmt":"2024-03-20T17:37:41","guid":{"rendered":"https:\/\/kustomshop.kinsta.cloud\/produkt\/evolve-down-jacket-jr\/"},"modified":"2026-03-27T15:07:33","modified_gmt":"2026-03-27T14:07:33","slug":"evolve-down-jacket-jr","status":"publish","type":"product","link":"https:\/\/shop.kustom.ch\/fr\/produit\/evolve-down-jacket-jr\/","title":{"rendered":"Veste de pluie Evolve Jr"},"content":{"rendered":"<p>EVOLVE Down Jacket est une veste chaude et moelleuse qui offre une excellente protection thermique par temps froid. Cette veste en duvet a une surface ext\u00e9rieure mate qui se pr\u00eate parfaitement \u00e0 l'apposition de logos. Elle dispose en outre d'une capuche amovible, de poignets en jersey avec trou pour le pouce, d'une grande poche int\u00e9rieure en mesh et de deux poches lat\u00e9rales avec fermeture \u00e9clair. R\u00e9glable par cordon de serrage \u00e0 la taille et \u00e0 la capuche pour un ajustement optimal. Mat\u00e9riau de remplissage : 60% duvet, 40% plume.<br \/>\n-<\/p>\n<p>Mati\u00e8re : 100% polyester recycl\u00e9. Garnissage 60% Downe, 40 plumes<\/p>","protected":false},"excerpt":{"rendered":"<p><span><\/span><\/p>","protected":false},"featured_media":109972,"template":"","meta":[],"product_brand":[],"product_cat":[4186],"product_tag":[],"class_list":{"0":"post-109973","1":"product","2":"type-product","3":"status-publish","4":"has-post-thumbnail","6":"product_cat-jacken","7":"pa_brand-craft-teamwear","8":"pa_brand-type-sportswear","9":"pa_filter-color-blau","10":"pa_filter-color-schwarz","12":"first","13":"instock","14":"sale","15":"taxable","16":"shipping-taxable","17":"purchasable","18":"product-type-variable","19":"add-to-wishlist-before_image"},"exclude_global_add_ons":[],"addons":[],"acf":[],"_links":{"self":[{"href":"https:\/\/shop.kustom.ch\/fr\/wp-json\/wp\/v2\/product\/109973"}],"collection":[{"href":"https:\/\/shop.kustom.ch\/fr\/wp-json\/wp\/v2\/product"}],"about":[{"href":"https:\/\/shop.kustom.ch\/fr\/wp-json\/wp\/v2\/types\/product"}],"wp:featuredmedia":[{"embeddable":true,"href":"https:\/\/shop.kustom.ch\/fr\/wp-json\/wp\/v2\/media\/109972"}],"wp:attachment":[{"href":"https:\/\/shop.kustom.ch\/fr\/wp-json\/wp\/v2\/media?parent=109973"}],"wp:term":[{"taxonomy":"product_brand","embeddable":true,"href":"https:\/\/shop.kustom.ch\/fr\/wp-json\/wp\/v2\/product_brand?post=109973"},{"taxonomy":"product_cat","embeddable":true,"href":"https:\/\/shop.kustom.ch\/fr\/wp-json\/wp\/v2\/product_cat?post=109973"},{"taxonomy":"product_tag","embeddable":true,"href":"https:\/\/shop.kustom.ch\/fr\/wp-json\/wp\/v2\/product_tag?post=109973"}],"curies":[{"name":"wp","href":"https:\/\/api.w.org\/{rel}","templated":true}]}}