{"id":109958,"date":"2024-03-20T18:37:34","date_gmt":"2024-03-20T17:37:34","guid":{"rendered":"https:\/\/kustomshop.kinsta.cloud\/produkt\/evolve-down-jacket-w\/"},"modified":"2026-03-27T15:06:35","modified_gmt":"2026-03-27T14:06:35","slug":"evolve-down-jacket-w","status":"publish","type":"product","link":"https:\/\/shop.kustom.ch\/fr\/produit\/evolve-down-jacket-w\/","title":{"rendered":"Veste de pluie Evolve W"},"content":{"rendered":"<p>La doudoune Evolve est une veste chaude qui offre une excellente isolation dans des conditions froides. La doudoune a une finition ext\u00e9rieure mate qui convient parfaitement pour un branding. En outre, le v\u00eatement dispose d'une capuche, de poignets en tricot avec trous pour les pouces, d'une grande poche int\u00e9rieure en mesh et de deux poches lat\u00e9rales avec fermeture \u00e9clair. Avec cordon de serrage r\u00e9glable \u00e0 l'ourlet et \u00e0 la capuche pour un ajustement optimal.<\/p>\n<p>Mati\u00e8re : Mati\u00e8re : 100% polyamide recycl\u00e9. Garnissage : 60% duvet 40% plumes<\/p>","protected":false},"excerpt":{"rendered":"<p><span><\/span><\/p>","protected":false},"featured_media":109957,"template":"","meta":[],"product_brand":[],"product_cat":[4186],"product_tag":[],"class_list":{"0":"post-109958","1":"product","2":"type-product","3":"status-publish","4":"has-post-thumbnail","6":"product_cat-jacken","7":"pa_brand-craft-teamwear","8":"pa_brand-type-sportswear","9":"pa_filter-color-blau","10":"pa_filter-color-schwarz","12":"first","13":"instock","14":"sale","15":"taxable","16":"shipping-taxable","17":"purchasable","18":"product-type-variable","19":"add-to-wishlist-before_image"},"exclude_global_add_ons":[],"addons":[],"acf":[],"_links":{"self":[{"href":"https:\/\/shop.kustom.ch\/fr\/wp-json\/wp\/v2\/product\/109958"}],"collection":[{"href":"https:\/\/shop.kustom.ch\/fr\/wp-json\/wp\/v2\/product"}],"about":[{"href":"https:\/\/shop.kustom.ch\/fr\/wp-json\/wp\/v2\/types\/product"}],"wp:featuredmedia":[{"embeddable":true,"href":"https:\/\/shop.kustom.ch\/fr\/wp-json\/wp\/v2\/media\/109957"}],"wp:attachment":[{"href":"https:\/\/shop.kustom.ch\/fr\/wp-json\/wp\/v2\/media?parent=109958"}],"wp:term":[{"taxonomy":"product_brand","embeddable":true,"href":"https:\/\/shop.kustom.ch\/fr\/wp-json\/wp\/v2\/product_brand?post=109958"},{"taxonomy":"product_cat","embeddable":true,"href":"https:\/\/shop.kustom.ch\/fr\/wp-json\/wp\/v2\/product_cat?post=109958"},{"taxonomy":"product_tag","embeddable":true,"href":"https:\/\/shop.kustom.ch\/fr\/wp-json\/wp\/v2\/product_tag?post=109958"}],"curies":[{"name":"wp","href":"https:\/\/api.w.org\/{rel}","templated":true}]}}