{"id":109932,"date":"2024-03-20T18:37:22","date_gmt":"2024-03-20T17:37:22","guid":{"rendered":"https:\/\/kustomshop.kinsta.cloud\/produkt\/adv-nordic-training-jacket-2-w\/"},"modified":"2026-03-27T13:53:57","modified_gmt":"2026-03-27T12:53:57","slug":"adv-nordic-training-jacket-2-w","status":"publish","type":"product","link":"https:\/\/shop.kustom.ch\/fr\/produit\/adv-nordic-training-jacket-2-w\/","title":{"rendered":"Veste d'entra\u00eenement nordique Adv 2 W"},"content":{"rendered":"<p>Veste de ski de fond pour skieurs avanc\u00e9s avec devant l\u00e9g\u00e8rement rembourr\u00e9 pour un entra\u00eenement intensif \u00e0 ski. Fabriqu\u00e9e en mat\u00e9riaux coupe-vent et imperm\u00e9ables \u00e0 l'avant et en jersey gratt\u00e9 \u00e0 l'arri\u00e8re et sous les manches pour une gestion efficace de la temp\u00e9rature corporelle.<br \/>\n- Devant et manches en tissu stretch 2 couches Ventair 8000 WP\/1000 MVP r\u00e9sistant au vent et \u00e0 l'eau<br \/>\n- fermeture \u00e9clair r\u00e9versible \u00e0 l'avant<br \/>\n- Deux poches lat\u00e9rales doubl\u00e9es de mesh pour une grande respirabilit\u00e9<br \/>\n- poche de poitrine sur le c\u00f4t\u00e9 gauche avec fermeture \u00e0 glissi\u00e8re dissimul\u00e9e<br \/>\n- Jersey polyester gratt\u00e9 \u00e0 l'arri\u00e8re pour un grand confort et une bonne r\u00e9gulation de la temp\u00e9rature<br \/>\n- Int\u00e9rieur du col doubl\u00e9 en polaire douce et gratt\u00e9e pour une sensation agr\u00e9able sur la peau<br \/>\n- Cordon de serrage r\u00e9glable \u00e0 la taille<br \/>\n- Logo Craft sur la poitrine<br \/>\n- Logo Craft \u00e0 six points \u00e0 l'arri\u00e8re<\/p>\n<p>Mat\u00e9riau : Partie avant du corps : Avant : 100% polyester recycl\u00e9. Arri\u00e8re : 100% polyur\u00e9thane. Manches : Avant : 100% polyester recycl\u00e9. Arri\u00e8re : 100% polyur\u00e9thane. Arri\u00e8re du corps : 100% polyester recycl\u00e9. Doublure : 100% polyester<\/p>","protected":false},"excerpt":{"rendered":"<p><span><\/span><\/p>","protected":false},"featured_media":109931,"template":"","meta":[],"product_brand":[],"product_cat":[4186],"product_tag":[],"class_list":{"0":"post-109932","1":"product","2":"type-product","3":"status-publish","4":"has-post-thumbnail","6":"product_cat-jacken","7":"pa_brand-craft-retail-sportswear","8":"pa_brand-type-sportswear","9":"pa_filter-color-braun","10":"pa_filter-color-rot","12":"first","13":"instock","14":"sale","15":"taxable","16":"shipping-taxable","17":"purchasable","18":"product-type-variable","19":"add-to-wishlist-before_image"},"exclude_global_add_ons":[],"addons":[],"acf":[],"_links":{"self":[{"href":"https:\/\/shop.kustom.ch\/fr\/wp-json\/wp\/v2\/product\/109932"}],"collection":[{"href":"https:\/\/shop.kustom.ch\/fr\/wp-json\/wp\/v2\/product"}],"about":[{"href":"https:\/\/shop.kustom.ch\/fr\/wp-json\/wp\/v2\/types\/product"}],"wp:featuredmedia":[{"embeddable":true,"href":"https:\/\/shop.kustom.ch\/fr\/wp-json\/wp\/v2\/media\/109931"}],"wp:attachment":[{"href":"https:\/\/shop.kustom.ch\/fr\/wp-json\/wp\/v2\/media?parent=109932"}],"wp:term":[{"taxonomy":"product_brand","embeddable":true,"href":"https:\/\/shop.kustom.ch\/fr\/wp-json\/wp\/v2\/product_brand?post=109932"},{"taxonomy":"product_cat","embeddable":true,"href":"https:\/\/shop.kustom.ch\/fr\/wp-json\/wp\/v2\/product_cat?post=109932"},{"taxonomy":"product_tag","embeddable":true,"href":"https:\/\/shop.kustom.ch\/fr\/wp-json\/wp\/v2\/product_tag?post=109932"}],"curies":[{"name":"wp","href":"https:\/\/api.w.org\/{rel}","templated":true}]}}