{"id":109923,"date":"2024-03-20T18:37:17","date_gmt":"2024-03-20T17:37:17","guid":{"rendered":"https:\/\/kustomshop.kinsta.cloud\/produkt\/core-backcountry-hood-jacket-w\/"},"modified":"2026-04-16T09:47:52","modified_gmt":"2026-04-16T08:47:52","slug":"core-backcountry-hood-jacket-w","status":"publish","type":"product","link":"https:\/\/shop.kustom.ch\/fr\/produit\/core-backcountry-hood-jacket-w\/","title":{"rendered":"Veste \u00e0 capuche Core Backcountry W"},"content":{"rendered":"<p>Veste de ski de fond avec capuche en mat\u00e9riau 3 couches \u00e9lastique, coupe-vent et imperm\u00e9able pour l'entra\u00eenement par temps froid. 8000 WP\/8000 MVP.<br \/>\n- Tissu \u00e9lastique 3 couches Ventair 8000\/8000 r\u00e9sistant au vent et \u00e0 l'eau<br \/>\n-Jersey \u00e9lastique sur les c\u00f4t\u00e9s et sous les manches pour une ventilation optimale<br \/>\n-Capuche ajustable pour une bonne protection en cas de mauvais temps<br \/>\n-Deux poches avant avec fermeture \u00e9clair<br \/>\n-fermeture \u00e9clair r\u00e9versible \u00e0 l'avant<br \/>\n-Poignets en jersey agr\u00e9able<br \/>\n-Logo Craft sur la poitrine gauche<br \/>\n-Logo Craft \u00e0 six points \u00e0 l'arri\u00e8re<\/p>\n<p>Mat\u00e9riau : Zone du corps : Avant : 100% polyester recycl\u00e9. Milieu : 100% polyur\u00e9thane. Arri\u00e8re : 100% polyester. Empi\u00e8cements lat\u00e9raux : 100% polyester recycl\u00e9<\/p>","protected":false},"excerpt":{"rendered":"<p>Langlaufjacke mit Kapuze aus elastischem, wind- und wasserfestem 3-Lagen-Material f\u00fcr das Training an kalten Tagen. 8000 WP\/8000 MVP. \u2022 Elastisches, wind- und wasserfestes 3-Lagen-Material Ventair 8000\/8000 \u2022Elastischer Jersey an den Seiten und unter den \u00c4rmeln f\u00fcr optimale Ventilation \u2022Verstellbar Kapuze f\u00fcr guten Schutz bei schlechtem Wetter \u2022Zwei Fronttasche mit Reissverschluss \u2022Wendereissverschluss vorne \u2022Angenehme Jersey-B\u00fcndchen \u2022Craft-Logo [&hellip;]<\/p>\n","protected":false},"featured_media":109922,"template":"","meta":[],"product_brand":[],"product_cat":[4186],"product_tag":[],"class_list":{"0":"post-109923","1":"product","2":"type-product","3":"status-publish","4":"has-post-thumbnail","6":"product_cat-jacken","7":"pa_brand-craft-retail-sportswear","8":"pa_brand-type-sportswear","9":"pa_filter-color-beige","10":"pa_filter-color-braun","12":"first","13":"instock","14":"sale","15":"taxable","16":"shipping-taxable","17":"purchasable","18":"product-type-variable","19":"add-to-wishlist-before_image"},"exclude_global_add_ons":[],"addons":[],"acf":[],"_links":{"self":[{"href":"https:\/\/shop.kustom.ch\/fr\/wp-json\/wp\/v2\/product\/109923"}],"collection":[{"href":"https:\/\/shop.kustom.ch\/fr\/wp-json\/wp\/v2\/product"}],"about":[{"href":"https:\/\/shop.kustom.ch\/fr\/wp-json\/wp\/v2\/types\/product"}],"wp:featuredmedia":[{"embeddable":true,"href":"https:\/\/shop.kustom.ch\/fr\/wp-json\/wp\/v2\/media\/109922"}],"wp:attachment":[{"href":"https:\/\/shop.kustom.ch\/fr\/wp-json\/wp\/v2\/media?parent=109923"}],"wp:term":[{"taxonomy":"product_brand","embeddable":true,"href":"https:\/\/shop.kustom.ch\/fr\/wp-json\/wp\/v2\/product_brand?post=109923"},{"taxonomy":"product_cat","embeddable":true,"href":"https:\/\/shop.kustom.ch\/fr\/wp-json\/wp\/v2\/product_cat?post=109923"},{"taxonomy":"product_tag","embeddable":true,"href":"https:\/\/shop.kustom.ch\/fr\/wp-json\/wp\/v2\/product_tag?post=109923"}],"curies":[{"name":"wp","href":"https:\/\/api.w.org\/{rel}","templated":true}]}}