{"id":109880,"date":"2024-03-20T18:36:52","date_gmt":"2024-03-20T17:36:52","guid":{"rendered":"https:\/\/kustomshop.kinsta.cloud\/produkt\/core-endur-hydro-jacket-2-m\/"},"modified":"2026-04-16T10:21:29","modified_gmt":"2026-04-16T09:21:29","slug":"core-endur-hydro-jacket-2-m","status":"publish","type":"product","link":"https:\/\/shop.kustom.ch\/fr\/produit\/core-endur-hydro-jacket-2-m\/","title":{"rendered":"Core Endur Hydro Jacket 2 M"},"content":{"rendered":"<p>Veste coupe-vent imperm\u00e9able pour le cyclisme avec coutures soud\u00e9es, pour tous ceux qui aiment faire du v\u00e9lo. Inserts en mesh pour la ventilation sous les aisselles et dans la partie sup\u00e9rieure arri\u00e8re, polaire gratt\u00e9e \u00e0 l'int\u00e9rieur du col et \u00e9lastique \u00e0 la taille.<br \/>\n- Mat\u00e9riau r\u00e9sistant au vent et \u00e0 l'eau 8000 WP\/8000 MWP<br \/>\n-Mati\u00e8re mesh respirante sous les aisselles et dans la partie sup\u00e9rieure arri\u00e8re<br \/>\n-\u00c9l\u00e9ments r\u00e9fl\u00e9chissants<br \/>\n-int\u00e9rieur du col en polaire gratt\u00e9e<br \/>\nFermeture \u00e0 glissi\u00e8re sur toute la longueur du devant avec rabat coupe-vent<br \/>\n-Toutes les coutures sont soud\u00e9es<br \/>\n-Finitions \u00e9lastiques \u00e0 la taille et aux manches<\/p>\n<p>Mati\u00e8re : 100% polyester recycl\u00e9<\/p>","protected":false},"excerpt":{"rendered":"<p><span><\/span><\/p>","protected":false},"featured_media":109879,"template":"","meta":[],"product_brand":[],"product_cat":[4186],"product_tag":[],"class_list":{"0":"post-109880","1":"product","2":"type-product","3":"status-publish","4":"has-post-thumbnail","6":"product_cat-jacken","7":"pa_brand-craft-retail-sportswear","8":"pa_brand-type-sportswear","9":"pa_filter-color-blau","11":"first","12":"instock","13":"sale","14":"taxable","15":"shipping-taxable","16":"purchasable","17":"product-type-variable","18":"add-to-wishlist-before_image"},"exclude_global_add_ons":[],"addons":[],"acf":[],"_links":{"self":[{"href":"https:\/\/shop.kustom.ch\/fr\/wp-json\/wp\/v2\/product\/109880"}],"collection":[{"href":"https:\/\/shop.kustom.ch\/fr\/wp-json\/wp\/v2\/product"}],"about":[{"href":"https:\/\/shop.kustom.ch\/fr\/wp-json\/wp\/v2\/types\/product"}],"wp:featuredmedia":[{"embeddable":true,"href":"https:\/\/shop.kustom.ch\/fr\/wp-json\/wp\/v2\/media\/109879"}],"wp:attachment":[{"href":"https:\/\/shop.kustom.ch\/fr\/wp-json\/wp\/v2\/media?parent=109880"}],"wp:term":[{"taxonomy":"product_brand","embeddable":true,"href":"https:\/\/shop.kustom.ch\/fr\/wp-json\/wp\/v2\/product_brand?post=109880"},{"taxonomy":"product_cat","embeddable":true,"href":"https:\/\/shop.kustom.ch\/fr\/wp-json\/wp\/v2\/product_cat?post=109880"},{"taxonomy":"product_tag","embeddable":true,"href":"https:\/\/shop.kustom.ch\/fr\/wp-json\/wp\/v2\/product_tag?post=109880"}],"curies":[{"name":"wp","href":"https:\/\/api.w.org\/{rel}","templated":true}]}}