{"id":109835,"date":"2024-03-20T18:36:28","date_gmt":"2024-03-20T17:36:28","guid":{"rendered":"https:\/\/kustomshop.kinsta.cloud\/produkt\/adv-subz-sweater-3-w\/"},"modified":"2026-03-27T14:57:01","modified_gmt":"2026-03-27T13:57:01","slug":"adv-subz-sweater-3-w","status":"publish","type":"product","link":"https:\/\/shop.kustom.ch\/fr\/produit\/adv-subz-sweater-3-w\/","title":{"rendered":"ADV SubZ Sweater 3 W"},"content":{"rendered":"<p>Sweat de course \u00e0 pied avanc\u00e9 avec devant en tissu Ventair coupe-vent avec un l\u00e9ger rembourrage et un design 3 couches coll\u00e9. Jersey en polyester recycl\u00e9 gratt\u00e9 et en \u00e9lasthanne sur les manches et dans le dos pour plus de chaleur et de confort.<br \/>\n- Face avant en mat\u00e9riau Ventair coupe-vent avec l\u00e9ger rembourrage et design 3 couches coll\u00e9<br \/>\n-Jersey en polyester recycl\u00e9 et \u00e9lasthanne gratt\u00e9 sur les manches et dans le dos pour plus de chaleur et de confort<br \/>\n-Coupe ajust\u00e9e<br \/>\n-Adaptateur \u00e0 collerette<br \/>\n-\u00c9l\u00e9ments imprim\u00e9s r\u00e9fl\u00e9chissants sur les manches<br \/>\n-Logo Craft imprim\u00e9 sur la poitrine<br \/>\n-Logo \u00e0 six points imprim\u00e9 dans le dos<br \/>\n-\u00e9l\u00e9ments r\u00e9fl\u00e9chissants tout autour<\/p>\n<p>Mat\u00e9riau : partie avant du corps : 100% polyester. Partie arri\u00e8re du corps : 88% polyester recycl\u00e9, 12% \u00e9lasthanne. Manches : 88% polyester recycl\u00e9, 12% \u00e9lasthanne.<\/p>","protected":false},"excerpt":{"rendered":"<p><span><\/span><\/p>","protected":false},"featured_media":109834,"template":"","meta":[],"product_brand":[],"product_cat":[4191],"product_tag":[],"class_list":{"0":"post-109835","1":"product","2":"type-product","3":"status-publish","4":"has-post-thumbnail","6":"product_cat-longsleeves-sweatshirts","7":"pa_brand-craft-retail-sportswear","8":"pa_brand-type-sportswear","9":"pa_filter-color-gruen","10":"pa_filter-color-weiss","12":"first","13":"instock","14":"sale","15":"taxable","16":"shipping-taxable","17":"purchasable","18":"product-type-variable","19":"add-to-wishlist-before_image"},"exclude_global_add_ons":[],"addons":[],"acf":[],"_links":{"self":[{"href":"https:\/\/shop.kustom.ch\/fr\/wp-json\/wp\/v2\/product\/109835"}],"collection":[{"href":"https:\/\/shop.kustom.ch\/fr\/wp-json\/wp\/v2\/product"}],"about":[{"href":"https:\/\/shop.kustom.ch\/fr\/wp-json\/wp\/v2\/types\/product"}],"wp:featuredmedia":[{"embeddable":true,"href":"https:\/\/shop.kustom.ch\/fr\/wp-json\/wp\/v2\/media\/109834"}],"wp:attachment":[{"href":"https:\/\/shop.kustom.ch\/fr\/wp-json\/wp\/v2\/media?parent=109835"}],"wp:term":[{"taxonomy":"product_brand","embeddable":true,"href":"https:\/\/shop.kustom.ch\/fr\/wp-json\/wp\/v2\/product_brand?post=109835"},{"taxonomy":"product_cat","embeddable":true,"href":"https:\/\/shop.kustom.ch\/fr\/wp-json\/wp\/v2\/product_cat?post=109835"},{"taxonomy":"product_tag","embeddable":true,"href":"https:\/\/shop.kustom.ch\/fr\/wp-json\/wp\/v2\/product_tag?post=109835"}],"curies":[{"name":"wp","href":"https:\/\/api.w.org\/{rel}","templated":true}]}}