{"id":109817,"date":"2024-03-20T18:36:18","date_gmt":"2024-03-20T17:36:18","guid":{"rendered":"https:\/\/kustomshop.kinsta.cloud\/produkt\/adv-subz-vest-3-m\/"},"modified":"2026-03-27T14:32:13","modified_gmt":"2026-03-27T13:32:13","slug":"adv-subz-vest-3-m","status":"publish","type":"product","link":"https:\/\/shop.kustom.ch\/fr\/produit\/adv-subz-vest-3-m\/","title":{"rendered":"Gilet ADV SubZ 3 M"},"content":{"rendered":"<p>Gilet de course pour coureurs avanc\u00e9s en mati\u00e8re Ventair coupe-vent \u00e0 l'avant avec un l\u00e9ger rembourrage et un design 3 couches coll\u00e9. Jersey en polyester recycl\u00e9 gratt\u00e9 et en \u00e9lasthanne dans le dos pour plus de chaleur et un confort accru.<br \/>\n- Face avant en mat\u00e9riau Ventair coupe-vent avec l\u00e9ger rembourrage et design 3 couches coll\u00e9<br \/>\n-Jersey en polyester recycl\u00e9 et \u00e9lasthanne gratt\u00e9 dans le dos pour plus de chaleur et de confort<br \/>\n-Logo imprim\u00e9 Craft sur la poitrine<br \/>\n-Logo \u00e0 six points au dos de l'appareil<br \/>\n-Poches lat\u00e9rales avec fermeture \u00e9clair<br \/>\n-Impression r\u00e9fl\u00e9chissante sur le devant, les \u00e9paules et \u00e0 l'arri\u00e8re<\/p>\n<p>Mat\u00e9riau : partie avant du corps : 100% polyester. Partie arri\u00e8re du corps : 88% polyester recycl\u00e9, 12% \u00e9lasthanne.<\/p>","protected":false},"excerpt":{"rendered":"<p><span><\/span><\/p>","protected":false},"featured_media":109816,"template":"","meta":[],"product_brand":[],"product_cat":[4208],"product_tag":[],"class_list":{"0":"post-109817","1":"product","2":"type-product","3":"status-publish","4":"has-post-thumbnail","6":"product_cat-westen","7":"pa_brand-craft-retail-sportswear","8":"pa_brand-type-sportswear","9":"pa_filter-color-schwarz","11":"first","12":"instock","13":"sale","14":"taxable","15":"shipping-taxable","16":"purchasable","17":"product-type-variable","18":"add-to-wishlist-before_image"},"exclude_global_add_ons":[],"addons":[],"acf":[],"_links":{"self":[{"href":"https:\/\/shop.kustom.ch\/fr\/wp-json\/wp\/v2\/product\/109817"}],"collection":[{"href":"https:\/\/shop.kustom.ch\/fr\/wp-json\/wp\/v2\/product"}],"about":[{"href":"https:\/\/shop.kustom.ch\/fr\/wp-json\/wp\/v2\/types\/product"}],"wp:featuredmedia":[{"embeddable":true,"href":"https:\/\/shop.kustom.ch\/fr\/wp-json\/wp\/v2\/media\/109816"}],"wp:attachment":[{"href":"https:\/\/shop.kustom.ch\/fr\/wp-json\/wp\/v2\/media?parent=109817"}],"wp:term":[{"taxonomy":"product_brand","embeddable":true,"href":"https:\/\/shop.kustom.ch\/fr\/wp-json\/wp\/v2\/product_brand?post=109817"},{"taxonomy":"product_cat","embeddable":true,"href":"https:\/\/shop.kustom.ch\/fr\/wp-json\/wp\/v2\/product_cat?post=109817"},{"taxonomy":"product_tag","embeddable":true,"href":"https:\/\/shop.kustom.ch\/fr\/wp-json\/wp\/v2\/product_tag?post=109817"}],"curies":[{"name":"wp","href":"https:\/\/api.w.org\/{rel}","templated":true}]}}