{"id":109500,"date":"2024-03-20T18:34:28","date_gmt":"2024-03-20T17:34:28","guid":{"rendered":"https:\/\/kustomshop.kinsta.cloud\/produkt\/adv-unify-lumen-jacket-m\/"},"modified":"2026-03-27T15:17:00","modified_gmt":"2026-03-27T14:17:00","slug":"adv-unify-lumen-jacket-m","status":"publish","type":"product","link":"https:\/\/shop.kustom.ch\/fr\/produit\/adv-unify-lumen-jacket-m\/","title":{"rendered":"Veste ADV Unify Lumen M"},"content":{"rendered":"<p>ADV Unify Lumen Jacket est une veste cool pour le printemps et l'\u00e9t\u00e9 avec un empi\u00e8cement avec un mat\u00e9riau r\u00e9fl\u00e9chissant, une capuche et des manches. Fabriqu\u00e9e en 100 % de polyester recycl\u00e9, elle se caract\u00e9rise par une approche durable et un look sportif. En outre, la veste est dot\u00e9e d'une doublure en maille douce pour un confort optimal, d'une capuche pliable et escamotable, d'une poche sur la poitrine et d'une taille r\u00e9glable avec cordon de serrage. Parfait pour y apposer des logos et pour un usage quotidien.<br \/>\n-<\/p>\n<p>Mat\u00e9riau : Partie du corps : 45% polyester recycl\u00e9, 55% polyester. Partie sup\u00e9rieure du corps : 100% polyester recycl\u00e9. Doublure : 100% polyester<\/p>","protected":false},"excerpt":{"rendered":"<p><span><\/span><\/p>","protected":false},"featured_media":109499,"template":"","meta":[],"product_brand":[],"product_cat":[4186],"product_tag":[],"class_list":{"0":"post-109500","1":"product","2":"type-product","3":"status-publish","4":"has-post-thumbnail","6":"product_cat-jacken","7":"pa_brand-craft-retail-sportswear","8":"pa_brand-type-sportswear","9":"pa_filter-color-schwarz","11":"first","12":"instock","13":"sale","14":"taxable","15":"shipping-taxable","16":"purchasable","17":"product-type-variable","18":"add-to-wishlist-before_image"},"exclude_global_add_ons":[],"addons":[],"acf":[],"_links":{"self":[{"href":"https:\/\/shop.kustom.ch\/fr\/wp-json\/wp\/v2\/product\/109500"}],"collection":[{"href":"https:\/\/shop.kustom.ch\/fr\/wp-json\/wp\/v2\/product"}],"about":[{"href":"https:\/\/shop.kustom.ch\/fr\/wp-json\/wp\/v2\/types\/product"}],"wp:featuredmedia":[{"embeddable":true,"href":"https:\/\/shop.kustom.ch\/fr\/wp-json\/wp\/v2\/media\/109499"}],"wp:attachment":[{"href":"https:\/\/shop.kustom.ch\/fr\/wp-json\/wp\/v2\/media?parent=109500"}],"wp:term":[{"taxonomy":"product_brand","embeddable":true,"href":"https:\/\/shop.kustom.ch\/fr\/wp-json\/wp\/v2\/product_brand?post=109500"},{"taxonomy":"product_cat","embeddable":true,"href":"https:\/\/shop.kustom.ch\/fr\/wp-json\/wp\/v2\/product_cat?post=109500"},{"taxonomy":"product_tag","embeddable":true,"href":"https:\/\/shop.kustom.ch\/fr\/wp-json\/wp\/v2\/product_tag?post=109500"}],"curies":[{"name":"wp","href":"https:\/\/api.w.org\/{rel}","templated":true}]}}