{"id":109453,"date":"2024-03-20T18:34:13","date_gmt":"2024-03-20T17:34:13","guid":{"rendered":"https:\/\/kustomshop.kinsta.cloud\/produkt\/core-unify-wind-jacket-m\/"},"modified":"2026-03-27T15:18:53","modified_gmt":"2026-03-27T14:18:53","slug":"core-unify-wind-jacket-m","status":"publish","type":"product","link":"https:\/\/shop.kustom.ch\/fr\/produit\/core-unify-wind-jacket-m\/","title":{"rendered":"CORE Veste coupe-vent Unify M"},"content":{"rendered":"<p>CORE Unify Wind Jacket est une veste cool pour le printemps et l'\u00e9t\u00e9, fabriqu\u00e9e en polyester recycl\u00e9 100 %, qui se caract\u00e9rise par une approche durable et un look sportif. Elle est dot\u00e9e d'une doublure en maille douce pour un confort optimal, d'une capuche qui se plie et se range et d'une taille r\u00e9glable avec cordon de serrage. Parfait pour y apposer des logos et pour un usage quotidien.<br \/>\n-<\/p>\n<p>Mati\u00e8re : 45% polyester recycl\u00e9 55% polyester. Doublure : 100% polyester.<\/p>","protected":false},"excerpt":{"rendered":"<p>CORE Unify Wind Jacket ist eine coole Fr\u00fchlings- und Sommerjacke aus 100 % aus Recycling-Polyester, die sich durch einen nachhaltigen Ansatz und einen sportlichen Look auszeichnet. Die Jacke hat ein weiches Mesh-Futter f\u00fcr einen optimalen Komfort, eine falt- und verstaubare Kapuze und einen verstellbaren Bund mit Kordelzug. Perfekt zum Anbringen von Logos und f\u00fcr den [&hellip;]<\/p>\n","protected":false},"featured_media":109452,"template":"","meta":[],"product_brand":[],"product_cat":[4186],"product_tag":[],"class_list":{"0":"post-109453","1":"product","2":"type-product","3":"status-publish","4":"has-post-thumbnail","6":"product_cat-jacken","7":"pa_brand-craft-retail-sportswear","8":"pa_brand-type-sportswear","9":"pa_filter-color-blau","10":"pa_filter-color-grau","11":"pa_filter-color-gruen","12":"pa_filter-color-schwarz","14":"first","15":"instock","16":"sale","17":"taxable","18":"shipping-taxable","19":"purchasable","20":"product-type-variable","21":"add-to-wishlist-before_image"},"exclude_global_add_ons":[],"addons":[],"acf":[],"_links":{"self":[{"href":"https:\/\/shop.kustom.ch\/fr\/wp-json\/wp\/v2\/product\/109453"}],"collection":[{"href":"https:\/\/shop.kustom.ch\/fr\/wp-json\/wp\/v2\/product"}],"about":[{"href":"https:\/\/shop.kustom.ch\/fr\/wp-json\/wp\/v2\/types\/product"}],"wp:featuredmedia":[{"embeddable":true,"href":"https:\/\/shop.kustom.ch\/fr\/wp-json\/wp\/v2\/media\/109452"}],"wp:attachment":[{"href":"https:\/\/shop.kustom.ch\/fr\/wp-json\/wp\/v2\/media?parent=109453"}],"wp:term":[{"taxonomy":"product_brand","embeddable":true,"href":"https:\/\/shop.kustom.ch\/fr\/wp-json\/wp\/v2\/product_brand?post=109453"},{"taxonomy":"product_cat","embeddable":true,"href":"https:\/\/shop.kustom.ch\/fr\/wp-json\/wp\/v2\/product_cat?post=109453"},{"taxonomy":"product_tag","embeddable":true,"href":"https:\/\/shop.kustom.ch\/fr\/wp-json\/wp\/v2\/product_tag?post=109453"}],"curies":[{"name":"wp","href":"https:\/\/api.w.org\/{rel}","templated":true}]}}