{"id":109389,"date":"2024-03-20T18:33:49","date_gmt":"2024-03-20T17:33:49","guid":{"rendered":"https:\/\/kustomshop.kinsta.cloud\/produkt\/nordlite-ultra-w\/"},"modified":"2026-03-27T16:04:35","modified_gmt":"2026-03-27T15:04:35","slug":"nordlite-ultra-w","status":"publish","type":"product","link":"https:\/\/shop.kustom.ch\/fr\/produit\/nordlite-ultra-w\/","title":{"rendered":"Nordlite Ultra W"},"content":{"rendered":"<p>Nordlite Ultra est une chaussure de course de premi\u00e8re classe qui offre une exp\u00e9rience de course sup\u00e9rieure aux coureurs d'\u00e9lite et aux amateurs. Pour passer au niveau sup\u00e9rieur en termes de r\u00e9activit\u00e9 et de performance. La semelle interm\u00e9diaire enti\u00e8rement fabriqu\u00e9e en Cr Foam\u2122 offre un amorti et une stabilit\u00e9 exceptionnels pour un poids r\u00e9duit ainsi qu'un rebond puissant. La mousse est fabriqu\u00e9e selon un proc\u00e9d\u00e9 supercritique qui permet d'obtenir des performances accrues en injectant une seule fois un mat\u00e9riau non toxique et r\u00e9utilisable pour la semelle interm\u00e9diaire. Cette chaussure est dot\u00e9e d'une semelle ext\u00e9rieure hybride pour une excellente traction et convient pour la route et les terrains l\u00e9g\u00e8rement accident\u00e9s. L'empeigne est constitu\u00e9e d'un mat\u00e9riau en mesh monocouche l\u00e9ger et agr\u00e9able, tr\u00e8s r\u00e9sistant. Cette chaussure est synonyme d'innovation sans pr\u00e9c\u00e9dent et offre une exp\u00e9rience de course sup\u00e9rieure et un confort de premi\u00e8re classe. Les coureurs ressentiront la performance sur toute la surface de course.<\/p>\n<p>- Dessus en mesh d'une seule pi\u00e8ce<br \/>\n- Semelle interm\u00e9diaire \u00e0 tr\u00e8s haut rebond en mousse Cr Foam\u2122 extr\u00eamement l\u00e9g\u00e8re, fabriqu\u00e9e selon un proc\u00e9d\u00e9 supercritique<br \/>\n-Semelle int\u00e9rieure Ultra Rebound\u2122 pour une r\u00e9cup\u00e9ration maximale de l'\u00e9nergie<br \/>\n- Semelle ext\u00e9rieure en caoutchouc en 3 parties, recouverte de crampons, pour une excellente traction, adapt\u00e9e \u00e0 la route et aux terrains l\u00e9g\u00e8rement accident\u00e9s dans les conditions m\u00e9t\u00e9orologiques les plus diverses<br \/>\n- Forme normale de Craft. Talon et milieu du pied ajust\u00e9s pour un excellent maintien et espace suppl\u00e9mentaire pour l'avant-pied pour un confort accru et des performances optimales.<\/p>\n<p>Mat\u00e9riau : tige : 46% polyester, 46% polyester recycl\u00e9, 8% TPU. Semelle interm\u00e9diaire : 100% mousse EVA supercritique. Semelle ext\u00e9rieure : 100% caoutchouc<\/p>","protected":false},"excerpt":{"rendered":"<p>Nordlite Ultra ist ein Laufschuh der Extraklasse, der sowohl Elite- wie auch Hobby-L\u00e4ufer ein \u00fcberragendes Lauferlebnis bietet. F\u00fcr das n\u00e4chsth\u00f6here Level in Sachen Reaktionsf\u00e4higkeit und Leistung. Die vollst\u00e4ndig aus Cr Foam\u2122 hergestellte Mittelsohle bietet hervorragende D\u00e4mpfung und Stabilit\u00e4t bei weniger Gewicht sowie kraftvollen Rebound. Der Schaumstoff wird nach einem \u00fcberkritischen Verfahren hergestellt, bei dem erh\u00f6hte [&hellip;]<\/p>\n","protected":false},"featured_media":706551,"template":"","meta":[],"product_brand":[],"product_cat":[4197],"product_tag":[],"class_list":{"0":"post-109389","1":"product","2":"type-product","3":"status-publish","4":"has-post-thumbnail","6":"product_cat-schuhe-sandalen","7":"pa_brand-craft","8":"pa_brand-type-sportswear","9":"pa_filter-color-schwarz","10":"pa_filter-color-weiss","12":"first","13":"instock","14":"sale","15":"taxable","16":"shipping-taxable","17":"purchasable","18":"product-type-variable","19":"add-to-wishlist-before_image"},"exclude_global_add_ons":[],"addons":[],"acf":[],"_links":{"self":[{"href":"https:\/\/shop.kustom.ch\/fr\/wp-json\/wp\/v2\/product\/109389"}],"collection":[{"href":"https:\/\/shop.kustom.ch\/fr\/wp-json\/wp\/v2\/product"}],"about":[{"href":"https:\/\/shop.kustom.ch\/fr\/wp-json\/wp\/v2\/types\/product"}],"wp:featuredmedia":[{"embeddable":true,"href":"https:\/\/shop.kustom.ch\/fr\/wp-json\/wp\/v2\/media\/706551"}],"wp:attachment":[{"href":"https:\/\/shop.kustom.ch\/fr\/wp-json\/wp\/v2\/media?parent=109389"}],"wp:term":[{"taxonomy":"product_brand","embeddable":true,"href":"https:\/\/shop.kustom.ch\/fr\/wp-json\/wp\/v2\/product_brand?post=109389"},{"taxonomy":"product_cat","embeddable":true,"href":"https:\/\/shop.kustom.ch\/fr\/wp-json\/wp\/v2\/product_cat?post=109389"},{"taxonomy":"product_tag","embeddable":true,"href":"https:\/\/shop.kustom.ch\/fr\/wp-json\/wp\/v2\/product_tag?post=109389"}],"curies":[{"name":"wp","href":"https:\/\/api.w.org\/{rel}","templated":true}]}}