{"id":109187,"date":"2024-03-20T18:32:50","date_gmt":"2024-03-20T17:32:50","guid":{"rendered":"https:\/\/kustomshop.kinsta.cloud\/produkt\/nordlite-speed-m\/"},"modified":"2026-03-27T16:05:49","modified_gmt":"2026-03-27T15:05:49","slug":"nordlite-speed-m","status":"publish","type":"product","link":"https:\/\/shop.kustom.ch\/fr\/produit\/nordlite-speed-m\/","title":{"rendered":"Nordlite Speed M"},"content":{"rendered":"<p>Nordlite Speed repr\u00e9sente le prochain niveau de r\u00e9activit\u00e9 et de performance pour les coureurs sur route engag\u00e9s. Une construction stable, un avant-pied large et un ajustement confortable du talon assurent un excellent confort lors d'une course de fond intensive.<\/p>\n<p>Cette chaussure de course haut de gamme est dot\u00e9e d'une semelle interm\u00e9diaire Cr-Foam\u2122 supercritique qui offre un amorti et une stabilit\u00e9 avec un poids r\u00e9duit et un rebond explosif. Expression ultime de la simplicit\u00e9 avanc\u00e9e, la chaussure est dot\u00e9e d'une Ultra Carbon Plate\u2122 expos\u00e9e qui offre d'\u00e9normes avantages m\u00e9caniques en termes d'efficacit\u00e9 et de propulsion. De plus, la chaussure repose sur une semelle ext\u00e9rieure plate pour un poids minimal et une adh\u00e9rence maximale sur la route. L'empeigne est compos\u00e9e d'une seule couche de maille technique qui est l\u00e9g\u00e8re, confortable et durable. Les athl\u00e8tes de haut niveau et les coureurs quotidiens profitent de ses puissants avantages \u00e0 chaque pas. Utilis\u00e9 par la Craft Elite Run Team pour les courses et l'entra\u00eenement.<\/p>\n<p>Cr Foam\u2122<br \/>\nCr Foam\u2122 est une mousse de semelle interm\u00e9diaire ultral\u00e9g\u00e8re fabriqu\u00e9e \u00e0 partir de mat\u00e9riaux privil\u00e9gi\u00e9s, qui offre un excellent retour d'\u00e9nergie et procure une sensation de course douce comme un coussin sur diff\u00e9rents terrains. La mousse est fabriqu\u00e9e \u00e0 l'aide d'une technologie avanc\u00e9e qui comprend un processus non toxique dans lequel aucun produit chimique n'est ajout\u00e9 aux mati\u00e8res premi\u00e8res. De plus, les \u00e9l\u00e9ments sont enti\u00e8rement int\u00e9gr\u00e9s \u00e0 haute temp\u00e9rature et haute pression, ce qui renforce les propri\u00e9t\u00e9s de la mousse et permet d'atteindre un niveau de performance plus \u00e9lev\u00e9. <\/p>\n<p>Plaque Ultra Carbon\u2122<br \/>\nLa fine Ultra Carbon Plate\u2122 est compos\u00e9e de fibres de carbone soigneusement s\u00e9lectionn\u00e9es, fonctionne presque comme un trampoline et offre le meilleur retour d'\u00e9nergie de sa cat\u00e9gorie. De plus, la plaque de carbone accord\u00e9e dispose d'une r\u00e9partition de pr\u00e9cision qui permet au gros orteil de se d\u00e9placer ind\u00e9pendamment sur le c\u00f4t\u00e9 m\u00e9dial de la plaque et aux autres orteils de se d\u00e9placer sur le c\u00f4t\u00e9 lat\u00e9ral - ce qui cr\u00e9e une torsion pour permettre un ultra rebond sur diff\u00e9rentes surfaces et angles.<\/p>\n<p>Craft Endurance Fit\u00ae<br \/>\nLa forme Craft Endurance Fit\u00ae dispose d'un contrefort \u00e9troit au talon, d'un pont de soutien au milieu du pied et d'une zone spacieuse \u00e0 l'avant-pied. Le talon \u00e9troit assure un bon maintien sans glisser et une stabilit\u00e9 in\u00e9gal\u00e9e sur tous les terrains. Le pont m\u00e9tatarsien offre un ajustement s\u00fbr qui renforce la confiance \u00e0 chaque pas. L'avant-pied spacieux permet un mouvement naturel des orteils et des m\u00e9tatarsiens, ce qui offre encore plus de confort.<\/p>\n<p>- Dessus super fin en maille TPU transparente<br \/>\n- Semelle interm\u00e9diaire Cr-Foam\u2122 - ultra-l\u00e9g\u00e8re, rebond ultra-\u00e9lev\u00e9<br \/>\n- Plaque Ultra Carbon\u2122<br \/>\n- Semelle ext\u00e9rieure plate pour un poids minimal et une adh\u00e9rence maximale sur la route<br \/>\n- Semelle int\u00e9rieure Ortholite\u2122 recycl\u00e9e \u00e0 haute r\u00e9silience<br \/>\nCraft Endurance Fit\u00ae<br \/>\n- Poids : 266 g en taille UK8<br \/>\n- Talon 40 mm, avant-pied 34 mm, semelle int\u00e9rieure incluse<br \/>\n- Lamage : 6 mm<\/p>\n<p>Mat\u00e9riau : Empeigne 100% en ur\u00e9thane thermoplastique, semelle interm\u00e9diaire 100% en mousse supercritique EVA, insert de la semelle interm\u00e9diaire 100% en fibre de carbone, semelle ext\u00e9rieure 100% en caoutchouc.<\/p>","protected":false},"excerpt":{"rendered":"<p>Nordlite Speed stellt f\u00fcr engagierte Strassenl\u00e4ufer die n\u00e4chste Stufe der Reaktionsf\u00e4higkeit und Leistung dar. Eine stabile Konstruktion, ein breiter Vorderfuss und eine bequeme Fersenpassform sorgen f\u00fcr hervorragenden Komfort beim intensiven Langstreckenlauf. Dieser Premium-Laufschuh verf\u00fcgt \u00fcber eine \u00fcberkritische Cr-Foam\u2122-Zwischensohle, die D\u00e4mpfung und Stabilit\u00e4t bei reduziertem Gewicht und explosiver R\u00fcckfederung bietet. Der Schuh ist der ultimative Ausdruck [&hellip;]<\/p>\n","protected":false},"featured_media":706563,"template":"","meta":[],"product_brand":[],"product_cat":[4197],"product_tag":[],"class_list":{"0":"post-109187","1":"product","2":"type-product","3":"status-publish","4":"has-post-thumbnail","6":"product_cat-schuhe-sandalen","7":"pa_brand-craft","8":"pa_brand-type-sportswear","9":"pa_filter-color-grau","10":"pa_filter-color-rot","11":"pa_filter-color-schwarz","13":"first","14":"instock","15":"sale","16":"taxable","17":"shipping-taxable","18":"purchasable","19":"product-type-variable","20":"add-to-wishlist-before_image"},"exclude_global_add_ons":[],"addons":[],"acf":[],"_links":{"self":[{"href":"https:\/\/shop.kustom.ch\/fr\/wp-json\/wp\/v2\/product\/109187"}],"collection":[{"href":"https:\/\/shop.kustom.ch\/fr\/wp-json\/wp\/v2\/product"}],"about":[{"href":"https:\/\/shop.kustom.ch\/fr\/wp-json\/wp\/v2\/types\/product"}],"wp:featuredmedia":[{"embeddable":true,"href":"https:\/\/shop.kustom.ch\/fr\/wp-json\/wp\/v2\/media\/706563"}],"wp:attachment":[{"href":"https:\/\/shop.kustom.ch\/fr\/wp-json\/wp\/v2\/media?parent=109187"}],"wp:term":[{"taxonomy":"product_brand","embeddable":true,"href":"https:\/\/shop.kustom.ch\/fr\/wp-json\/wp\/v2\/product_brand?post=109187"},{"taxonomy":"product_cat","embeddable":true,"href":"https:\/\/shop.kustom.ch\/fr\/wp-json\/wp\/v2\/product_cat?post=109187"},{"taxonomy":"product_tag","embeddable":true,"href":"https:\/\/shop.kustom.ch\/fr\/wp-json\/wp\/v2\/product_tag?post=109187"}],"curies":[{"name":"wp","href":"https:\/\/api.w.org\/{rel}","templated":true}]}}