{"id":109162,"date":"2024-03-20T18:32:42","date_gmt":"2024-03-20T17:32:42","guid":{"rendered":"https:\/\/kustomshop.kinsta.cloud\/produkt\/endurance-trail-w\/"},"modified":"2026-03-27T16:00:49","modified_gmt":"2026-03-27T15:00:49","slug":"endurance-trail-w","status":"publish","type":"product","link":"https:\/\/shop.kustom.ch\/fr\/produit\/endurance-trail-w\/","title":{"rendered":"Endurance Trail W"},"content":{"rendered":"<p>L'Endurance Trail est une chaussure de trail running r\u00e9sistante avec une semelle ext\u00e9rieure profil\u00e9e et un chaussant relativement \u00e9troit, con\u00e7ue pour les courses de longue distance sur un terrain de trail principalement l\u00e9ger.<\/p>\n<p>Cette chaussure de course de classe professionnelle est dot\u00e9e d'une semelle interm\u00e9diaire Px-Foam\u2122 sur toute la longueur qui, associ\u00e9e \u00e0 une hauteur d'empilage optimale, assure une pouss\u00e9e explosive avec les orteils, un atterrissage en douceur et une foul\u00e9e efficace. La semelle ext\u00e9rieure \u00e0 profil moyen de la chaussure assure une \u00e9nergie maximale sur diff\u00e9rents terrains et garantit une excellente adh\u00e9rence sur les sentiers mod\u00e9r\u00e9s ainsi qu'une performance optimale sur les routes et les sentiers faciles. De plus, l'empeigne en maille filet d'une seule pi\u00e8ce, enti\u00e8rement con\u00e7ue, fonctionne en harmonie avec le pied et offre confort et soutien \u00e0 chaque foul\u00e9e agile. <\/p>\n<p>Xx Foam\u2122<br \/>\nPx Foam\u2122 est un mat\u00e9riau de semelle interm\u00e9diaire ultral\u00e9ger qui se caract\u00e9rise par un excellent retour d'\u00e9nergie, un amortissement des chocs et une grande flexibilit\u00e9. Ce mat\u00e9riau innovant est fabriqu\u00e9 avec un seul agent moussant naturel et ne contient aucun agent de r\u00e9ticulation chimique, ce qui garantit un processus non toxique. En outre, les mat\u00e9riaux bruts et finis sont enti\u00e8rement r\u00e9utilisables. La mousse haute performance a une densit\u00e9 extr\u00eamement faible, ce qui la rend jusqu'\u00e0 20 % plus l\u00e9g\u00e8re que l'EVA traditionnel. Ce poids r\u00e9duit, combin\u00e9 \u00e0 un retour \u00e9lastique explosif, rend Px Foam\u2122 parfait pour chaque course.<\/p>\n<p>- Tige monobloc en maille technique compos\u00e9e de 50 % de mat\u00e9riaux recycl\u00e9s<br \/>\n- Semelle interm\u00e9diaire Px-Foam\u2122 - sensation et rebond sup\u00e9rieurs<br \/>\n- Semelle int\u00e9rieure design profil\u00e9e pour un poids r\u00e9duit et un confort de premi\u00e8re classe<br \/>\n- La semelle d'usure en caoutchouc r\u00e9sistant et profil\u00e9 offre une traction et une adh\u00e9rence exceptionnelles sans ajouter de poids.<br \/>\n- Lacets en mat\u00e9riau 100 % recycl\u00e9<br \/>\n- Mousse de la semelle int\u00e9rieure en 30 % de mat\u00e9riau recycl\u00e9<br \/>\n- Poids : 240 g en taille UK5<br \/>\n- Talon 37 mm, avant-pied 28 mm, semelle int\u00e9rieure incluse<br \/>\n- Lamage : 9 mm<\/p>\n<p>Mat\u00e9riaux : Upper 54% Polyester recycl\u00e9, 42% Ur\u00e9thanes thermoplastiques, 2% Polyester, 2% Nylon, Padding 100% Polyester, Lining 100% Polyester recycl\u00e9, Insole Board 75% Polyester recycl\u00e9, 25% Polyester, Insole 50% Polyester recycl\u00e9, 50% Polyester, Lacets 100% Polyester, Midsole 100% ETPU Foam, Outsole 100% Rubber<\/p>","protected":false},"excerpt":{"rendered":"<p>Der Endurance Trail ist ein strapazierf\u00e4higer Trailrunning-Schuh mit Profillaufsohle und relativ enger Passform, der f\u00fcr Langstreckenl\u00e4ufe auf \u00fcberwiegend leichtem Trail-Untergrund konzipiert ist. Dieser Laufschuh der Profiklasse verf\u00fcgt \u00fcber eine durchgehende Px-Foam\u2122-Zwischensohle, die in Kombination mit einer optimalen Stapelh\u00f6he f\u00fcr explosives Abstossen mit den Zehen, federweiche Landung und effizienten Schritt sorgt. Die mittelhohe Profillaufsohle des Schuhs [&hellip;]<\/p>\n","protected":false},"featured_media":706463,"template":"","meta":[],"product_brand":[],"product_cat":[4197],"product_tag":[],"class_list":{"0":"post-109162","1":"product","2":"type-product","3":"status-publish","4":"has-post-thumbnail","6":"product_cat-schuhe-sandalen","7":"pa_brand-craft","8":"pa_brand-type-sportswear","9":"pa_filter-color-grau","10":"pa_filter-color-gruen","12":"first","13":"instock","14":"sale","15":"taxable","16":"shipping-taxable","17":"purchasable","18":"product-type-variable","19":"add-to-wishlist-before_image"},"exclude_global_add_ons":[],"addons":[],"acf":[],"_links":{"self":[{"href":"https:\/\/shop.kustom.ch\/fr\/wp-json\/wp\/v2\/product\/109162"}],"collection":[{"href":"https:\/\/shop.kustom.ch\/fr\/wp-json\/wp\/v2\/product"}],"about":[{"href":"https:\/\/shop.kustom.ch\/fr\/wp-json\/wp\/v2\/types\/product"}],"wp:featuredmedia":[{"embeddable":true,"href":"https:\/\/shop.kustom.ch\/fr\/wp-json\/wp\/v2\/media\/706463"}],"wp:attachment":[{"href":"https:\/\/shop.kustom.ch\/fr\/wp-json\/wp\/v2\/media?parent=109162"}],"wp:term":[{"taxonomy":"product_brand","embeddable":true,"href":"https:\/\/shop.kustom.ch\/fr\/wp-json\/wp\/v2\/product_brand?post=109162"},{"taxonomy":"product_cat","embeddable":true,"href":"https:\/\/shop.kustom.ch\/fr\/wp-json\/wp\/v2\/product_cat?post=109162"},{"taxonomy":"product_tag","embeddable":true,"href":"https:\/\/shop.kustom.ch\/fr\/wp-json\/wp\/v2\/product_tag?post=109162"}],"curies":[{"name":"wp","href":"https:\/\/api.w.org\/{rel}","templated":true}]}}