{"id":109085,"date":"2024-03-20T18:32:07","date_gmt":"2024-03-20T17:32:07","guid":{"rendered":"https:\/\/kustomshop.kinsta.cloud\/produkt\/nor-adv-nordic-training-speed-jacket-m\/"},"modified":"2026-03-27T14:17:55","modified_gmt":"2026-03-27T13:17:55","slug":"nor-adv-nordic-training-speed-jacket-m","status":"publish","type":"product","link":"https:\/\/shop.kustom.ch\/fr\/produit\/nor-adv-nordic-training-speed-jacket-m\/","title":{"rendered":"Nor ADV Nordic Training Speed Jacket M"},"content":{"rendered":"<p>Cette veste de ski de fond de niveau avanc\u00e9, l\u00e9g\u00e8rement doubl\u00e9e \u00e0 l'avant, a \u00e9t\u00e9 con\u00e7ue pour les entra\u00eenements de ski de haute intensit\u00e9 dans des conditions plus froides. Elle offre un tissu coupe-vent et imperm\u00e9able sur le devant et un jersey gratt\u00e9 \u00e0 l'arri\u00e8re et sous les manches pour une gestion efficace de la temp\u00e9rature corporelle. L'avant est doubl\u00e9 d'un filet non tiss\u00e9 de r\u00e9gulation de l'humidit\u00e9 pour une isolation et une fonctionnalit\u00e9 suppl\u00e9mentaires.<\/p>\n<p>Mat\u00e9riau : Face sup\u00e9rieure : 100% polyester Face inf\u00e9rieure : Mat\u00e9riau 1100% polyester deuxi\u00e8me mat\u00e9riau 100% polyur\u00e9thane troisi\u00e8me mat\u00e9riau 100% polyester Manches : Mati\u00e8re 1100% polyester deuxi\u00e8me mati\u00e8re 100% polyur\u00e9thane troisi\u00e8me mati\u00e8re 100% polyester dos : 83% polyester recycl\u00e9 12% \u00e9lasthanne<\/p>","protected":false},"excerpt":{"rendered":"<p><span><\/span><\/p>","protected":false},"featured_media":109084,"template":"","meta":[],"product_brand":[],"product_cat":[4186],"product_tag":[],"class_list":{"0":"post-109085","1":"product","2":"type-product","3":"status-publish","4":"has-post-thumbnail","6":"product_cat-jacken","7":"pa_brand-craft-retail-sportswear","8":"pa_brand-type-sportswear","9":"pa_filter-color-blau","10":"pa_filter-color-weiss","12":"first","13":"instock","14":"sale","15":"taxable","16":"shipping-taxable","17":"purchasable","18":"product-type-variable","19":"add-to-wishlist-before_image"},"exclude_global_add_ons":[],"addons":[],"acf":[],"_links":{"self":[{"href":"https:\/\/shop.kustom.ch\/fr\/wp-json\/wp\/v2\/product\/109085"}],"collection":[{"href":"https:\/\/shop.kustom.ch\/fr\/wp-json\/wp\/v2\/product"}],"about":[{"href":"https:\/\/shop.kustom.ch\/fr\/wp-json\/wp\/v2\/types\/product"}],"wp:featuredmedia":[{"embeddable":true,"href":"https:\/\/shop.kustom.ch\/fr\/wp-json\/wp\/v2\/media\/109084"}],"wp:attachment":[{"href":"https:\/\/shop.kustom.ch\/fr\/wp-json\/wp\/v2\/media?parent=109085"}],"wp:term":[{"taxonomy":"product_brand","embeddable":true,"href":"https:\/\/shop.kustom.ch\/fr\/wp-json\/wp\/v2\/product_brand?post=109085"},{"taxonomy":"product_cat","embeddable":true,"href":"https:\/\/shop.kustom.ch\/fr\/wp-json\/wp\/v2\/product_cat?post=109085"},{"taxonomy":"product_tag","embeddable":true,"href":"https:\/\/shop.kustom.ch\/fr\/wp-json\/wp\/v2\/product_tag?post=109085"}],"curies":[{"name":"wp","href":"https:\/\/api.w.org\/{rel}","templated":true}]}}