{"id":109078,"date":"2024-03-20T18:32:02","date_gmt":"2024-03-20T17:32:02","guid":{"rendered":"https:\/\/kustomshop.kinsta.cloud\/produkt\/nor-pro-nordic-race-3-4-zip-pant-w\/"},"modified":"2026-03-27T13:30:23","modified_gmt":"2026-03-27T12:30:23","slug":"nor-pro-nordic-race-3-4-zip-pant-w","status":"publish","type":"product","link":"https:\/\/shop.kustom.ch\/fr\/produit\/nor-pro-nordic-race-3-4-zip-pant-w\/","title":{"rendered":"NOR Pro Nordic Race 3\/4 Zip Pant W"},"content":{"rendered":"<p>Pantalon de ski de fond moulant haute performance pour les professionnels, en mati\u00e8re Ventair\u00ae 3 couches \u00e9lastique et hautement fonctionnelle. Avec une ouverture d\u00e9coup\u00e9e au laser, des coutures soud\u00e9es et d\u00e9coup\u00e9es au laser, une fermeture \u00e9clair 3\/4 sur les c\u00f4t\u00e9s pour un enfilage et un retrait rapides et une coupe a\u00e9rodynamique pour une vitesse maximale.<\/p>","protected":false},"excerpt":{"rendered":"<p><span><\/span><\/p>","protected":false},"featured_media":109077,"template":"","meta":[],"product_brand":[],"product_cat":[4185],"product_tag":[],"class_list":{"0":"post-109078","1":"product","2":"type-product","3":"status-publish","4":"has-post-thumbnail","6":"product_cat-hosen","7":"pa_brand-craft-retail-sportswear","8":"pa_brand-type-sportswear","9":"pa_filter-color-blau","10":"pa_filter-color-weiss","12":"first","13":"outofstock","14":"sale","15":"taxable","16":"shipping-taxable","17":"purchasable","18":"product-type-variable","19":"add-to-wishlist-before_image"},"exclude_global_add_ons":[],"addons":[],"acf":[],"_links":{"self":[{"href":"https:\/\/shop.kustom.ch\/fr\/wp-json\/wp\/v2\/product\/109078"}],"collection":[{"href":"https:\/\/shop.kustom.ch\/fr\/wp-json\/wp\/v2\/product"}],"about":[{"href":"https:\/\/shop.kustom.ch\/fr\/wp-json\/wp\/v2\/types\/product"}],"wp:featuredmedia":[{"embeddable":true,"href":"https:\/\/shop.kustom.ch\/fr\/wp-json\/wp\/v2\/media\/109077"}],"wp:attachment":[{"href":"https:\/\/shop.kustom.ch\/fr\/wp-json\/wp\/v2\/media?parent=109078"}],"wp:term":[{"taxonomy":"product_brand","embeddable":true,"href":"https:\/\/shop.kustom.ch\/fr\/wp-json\/wp\/v2\/product_brand?post=109078"},{"taxonomy":"product_cat","embeddable":true,"href":"https:\/\/shop.kustom.ch\/fr\/wp-json\/wp\/v2\/product_cat?post=109078"},{"taxonomy":"product_tag","embeddable":true,"href":"https:\/\/shop.kustom.ch\/fr\/wp-json\/wp\/v2\/product_tag?post=109078"}],"curies":[{"name":"wp","href":"https:\/\/api.w.org\/{rel}","templated":true}]}}