{"id":109070,"date":"2024-03-20T18:31:58","date_gmt":"2024-03-20T17:31:58","guid":{"rendered":"https:\/\/kustomshop.kinsta.cloud\/produkt\/nor-pro-nordic-race-wind-tights-w\/"},"modified":"2026-03-27T13:28:32","modified_gmt":"2026-03-27T12:28:32","slug":"nor-pro-nordic-race-wind-tights-w","status":"publish","type":"product","link":"https:\/\/shop.kustom.ch\/fr\/produit\/nor-pro-nordic-race-wind-tights-w\/","title":{"rendered":"NOR Pro Nordic Race Wind Tights W"},"content":{"rendered":"<p>Pantalon de ski de fond moulant haute performance pour les professionnels, en mati\u00e8re Ventair\u00ae 3 couches \u00e9lastique et hautement fonctionnelle. Avec une ouverture d\u00e9coup\u00e9e au laser, des coutures soud\u00e9es et d\u00e9coup\u00e9es au laser, une fermeture \u00e9clair 3\/4 sur les c\u00f4t\u00e9s pour un enfilage et un retrait rapides et une coupe a\u00e9rodynamique pour une vitesse maximale.<br \/>\n- Coupe confortable<br \/>\n- Deux poches \u00e0 l'avant<br \/>\n- logo en caoutchouc Craft sur le devant<br \/>\n- Logo Six dots en caoutchouc au milieu du dos<\/p>\n<p>Mati\u00e8re : Face : mati\u00e8re 1100% polyester recycl\u00e9 deuxi\u00e8me mati\u00e8re 100% polyur\u00e9thane troisi\u00e8me mati\u00e8re 100% polyester recycl\u00e9 Dos : 88% polyester recycl\u00e9 12% \u00e9lasthanne<\/p>","protected":false},"excerpt":{"rendered":"<p><span><\/span><\/p>","protected":false},"featured_media":109069,"template":"","meta":[],"product_brand":[],"product_cat":[4185],"product_tag":[],"class_list":{"0":"post-109070","1":"product","2":"type-product","3":"status-publish","4":"has-post-thumbnail","6":"product_cat-hosen","7":"pa_brand-craft-retail-sportswear","8":"pa_brand-type-sportswear","9":"pa_filter-color-blau","10":"pa_filter-color-weiss","12":"first","13":"outofstock","14":"sale","15":"taxable","16":"shipping-taxable","17":"purchasable","18":"product-type-variable","19":"add-to-wishlist-before_image"},"exclude_global_add_ons":[],"addons":[],"acf":[],"_links":{"self":[{"href":"https:\/\/shop.kustom.ch\/fr\/wp-json\/wp\/v2\/product\/109070"}],"collection":[{"href":"https:\/\/shop.kustom.ch\/fr\/wp-json\/wp\/v2\/product"}],"about":[{"href":"https:\/\/shop.kustom.ch\/fr\/wp-json\/wp\/v2\/types\/product"}],"wp:featuredmedia":[{"embeddable":true,"href":"https:\/\/shop.kustom.ch\/fr\/wp-json\/wp\/v2\/media\/109069"}],"wp:attachment":[{"href":"https:\/\/shop.kustom.ch\/fr\/wp-json\/wp\/v2\/media?parent=109070"}],"wp:term":[{"taxonomy":"product_brand","embeddable":true,"href":"https:\/\/shop.kustom.ch\/fr\/wp-json\/wp\/v2\/product_brand?post=109070"},{"taxonomy":"product_cat","embeddable":true,"href":"https:\/\/shop.kustom.ch\/fr\/wp-json\/wp\/v2\/product_cat?post=109070"},{"taxonomy":"product_tag","embeddable":true,"href":"https:\/\/shop.kustom.ch\/fr\/wp-json\/wp\/v2\/product_tag?post=109070"}],"curies":[{"name":"wp","href":"https:\/\/api.w.org\/{rel}","templated":true}]}}