{"id":109011,"date":"2024-03-20T18:31:25","date_gmt":"2024-03-20T17:31:25","guid":{"rendered":"https:\/\/kustomshop.kinsta.cloud\/produkt\/nor-adv-backcountry-jacket-w\/"},"modified":"2026-03-27T13:41:43","modified_gmt":"2026-03-27T12:41:43","slug":"nor-adv-backcountry-jacket-w","status":"publish","type":"product","link":"https:\/\/shop.kustom.ch\/fr\/produit\/nor-adv-backcountry-jacket-w\/","title":{"rendered":"Veste Nor ADV Backcountry W"},"content":{"rendered":"<p>Veste coupe-vent et imperm\u00e9able, tr\u00e8s respirante, pour le ski de fond, fabriqu\u00e9e en mat\u00e9riau Ventair\u00ae \u00e0 3 couches. La veste est enti\u00e8rement doubl\u00e9e d'un filet chaud sur le haut du corps et dispose de fermetures \u00e9clair d'a\u00e9ration fonctionnelles sur les c\u00f4t\u00e9s, de deux poches avec fermeture \u00e9clair et d'une capuche r\u00e9glable. WP 10,000\/MVP 10,000.<br \/>\n- Coupe normale<br \/>\n- jersey en maille douce pour un transfert d'humidit\u00e9 optimal<br \/>\n- \u00e9l\u00e9ments en mesh dans le dos pour la r\u00e9gulation de l'humidit\u00e9<br \/>\n- Grand imprim\u00e9 sur le torse<br \/>\n- Bande r\u00e9fl\u00e9chissante dans le dos<\/p>\n<p>Mati\u00e8re : Ext\u00e9rieur : mati\u00e8re 1100% polyester recycl\u00e9 deuxi\u00e8me mati\u00e8re 100% polyur\u00e9thane troisi\u00e8me mati\u00e8re 100% polyester Doublure : 100% polyester<\/p>","protected":false},"excerpt":{"rendered":"<p><span><\/span><\/p>","protected":false},"featured_media":109010,"template":"","meta":[],"product_brand":[],"product_cat":[4186],"product_tag":[],"class_list":{"0":"post-109011","1":"product","2":"type-product","3":"status-publish","4":"has-post-thumbnail","6":"product_cat-jacken","7":"pa_brand-craft-retail-sportswear","8":"pa_brand-type-sportswear","9":"pa_filter-color-blau","10":"pa_filter-color-weiss","12":"first","13":"instock","14":"sale","15":"taxable","16":"shipping-taxable","17":"purchasable","18":"product-type-variable","19":"add-to-wishlist-before_image"},"exclude_global_add_ons":[],"addons":[],"acf":[],"_links":{"self":[{"href":"https:\/\/shop.kustom.ch\/fr\/wp-json\/wp\/v2\/product\/109011"}],"collection":[{"href":"https:\/\/shop.kustom.ch\/fr\/wp-json\/wp\/v2\/product"}],"about":[{"href":"https:\/\/shop.kustom.ch\/fr\/wp-json\/wp\/v2\/types\/product"}],"wp:featuredmedia":[{"embeddable":true,"href":"https:\/\/shop.kustom.ch\/fr\/wp-json\/wp\/v2\/media\/109010"}],"wp:attachment":[{"href":"https:\/\/shop.kustom.ch\/fr\/wp-json\/wp\/v2\/media?parent=109011"}],"wp:term":[{"taxonomy":"product_brand","embeddable":true,"href":"https:\/\/shop.kustom.ch\/fr\/wp-json\/wp\/v2\/product_brand?post=109011"},{"taxonomy":"product_cat","embeddable":true,"href":"https:\/\/shop.kustom.ch\/fr\/wp-json\/wp\/v2\/product_cat?post=109011"},{"taxonomy":"product_tag","embeddable":true,"href":"https:\/\/shop.kustom.ch\/fr\/wp-json\/wp\/v2\/product_tag?post=109011"}],"curies":[{"name":"wp","href":"https:\/\/api.w.org\/{rel}","templated":true}]}}