{"id":108984,"date":"2024-03-20T18:31:11","date_gmt":"2024-03-20T17:31:11","guid":{"rendered":"https:\/\/kustomshop.kinsta.cloud\/produkt\/nor-pro-race-glove\/"},"modified":"2026-03-27T13:33:47","modified_gmt":"2026-03-27T12:33:47","slug":"nor-pro-race-glove","status":"publish","type":"product","link":"https:\/\/shop.kustom.ch\/fr\/produit\/nor-pro-race-glove\/","title":{"rendered":"Gant de course NOR Pro"},"content":{"rendered":"<p>Gants Racing Pro avec dessus coupe-vent, coupe tr\u00e8s ajust\u00e9e et adh\u00e9rence optimale pour une performance maximale.<\/p>\n<p>Mat\u00e9riau : Backhand : Avant85% Polyester 15% Elasthane Mid 100% polyur\u00e9thane Arri\u00e8re 100% Polyester Palm : 65% polyur\u00e9thane 35% Polyester Int\u00e9rieur 95% styr\u00e8ne butadience rubber 5% chloropr\u00e8ne rubber Remplissage : 100% Polyester<\/p>","protected":false},"excerpt":{"rendered":"<p><span><\/span><\/p>","protected":false},"featured_media":108983,"template":"","meta":[],"product_brand":[],"product_cat":[4180],"product_tag":[],"class_list":{"0":"post-108984","1":"product","2":"type-product","3":"status-publish","4":"has-post-thumbnail","6":"product_cat-handschuhe","7":"pa_brand-craft-retail-sportswear","8":"pa_brand-type-sportswear","9":"pa_filter-color-blau","10":"pa_filter-color-weiss","12":"first","13":"outofstock","14":"sale","15":"taxable","16":"shipping-taxable","17":"purchasable","18":"product-type-variable","19":"add-to-wishlist-before_image"},"exclude_global_add_ons":[],"addons":[],"acf":[],"_links":{"self":[{"href":"https:\/\/shop.kustom.ch\/fr\/wp-json\/wp\/v2\/product\/108984"}],"collection":[{"href":"https:\/\/shop.kustom.ch\/fr\/wp-json\/wp\/v2\/product"}],"about":[{"href":"https:\/\/shop.kustom.ch\/fr\/wp-json\/wp\/v2\/types\/product"}],"wp:featuredmedia":[{"embeddable":true,"href":"https:\/\/shop.kustom.ch\/fr\/wp-json\/wp\/v2\/media\/108983"}],"wp:attachment":[{"href":"https:\/\/shop.kustom.ch\/fr\/wp-json\/wp\/v2\/media?parent=108984"}],"wp:term":[{"taxonomy":"product_brand","embeddable":true,"href":"https:\/\/shop.kustom.ch\/fr\/wp-json\/wp\/v2\/product_brand?post=108984"},{"taxonomy":"product_cat","embeddable":true,"href":"https:\/\/shop.kustom.ch\/fr\/wp-json\/wp\/v2\/product_cat?post=108984"},{"taxonomy":"product_tag","embeddable":true,"href":"https:\/\/shop.kustom.ch\/fr\/wp-json\/wp\/v2\/product_tag?post=108984"}],"curies":[{"name":"wp","href":"https:\/\/api.w.org\/{rel}","templated":true}]}}