{"id":108895,"date":"2024-03-20T18:30:29","date_gmt":"2024-03-20T17:30:29","guid":{"rendered":"https:\/\/kustomshop.kinsta.cloud\/produkt\/nor-adv-explore-pile-fleece-jacket-w\/"},"modified":"2026-03-27T13:46:51","modified_gmt":"2026-03-27T12:46:51","slug":"nor-adv-explore-pile-fleece-jacket-w","status":"publish","type":"product","link":"https:\/\/shop.kustom.ch\/fr\/produit\/nor-adv-explore-pile-fleece-jacket-w\/","title":{"rendered":"NOR ADV Explore Pile Fleece Jacket W"},"content":{"rendered":"<p>Veste polaire chaude et polyvalente en polaire \u00e0 poils longs avec d\u00e9tails contrast\u00e9s pour un usage quotidien. En polyester recycl\u00e9 avec poche de poitrine zipp\u00e9e et deux poches lat\u00e9rales zipp\u00e9es. Mat\u00e9riau uni appropri\u00e9 sur la poche de poitrine et le col pour le logo de l'entreprise.<br \/>\n- poche de poitrine avec fermeture \u00e0 glissi\u00e8re<br \/>\n- Deux poches lat\u00e9rales avec fermeture \u00e9clair<br \/>\n- Poignets pour la protection contre le vent<br \/>\n- Mat\u00e9riau recycl\u00e9<\/p>\n<p>Mati\u00e8re : 100% polyester recycl\u00e9<\/p>","protected":false},"excerpt":{"rendered":"<p><span><\/span><\/p>","protected":false},"featured_media":108894,"template":"","meta":[],"product_brand":[],"product_cat":[4184],"product_tag":[],"class_list":{"0":"post-108895","1":"product","2":"type-product","3":"status-publish","4":"has-post-thumbnail","6":"product_cat-hoodies-pullover","7":"pa_brand-craft-retail-sportswear","8":"pa_brand-type-sportswear","9":"pa_filter-color-blau","10":"pa_filter-color-schwarz","11":"pa_filter-color-weiss","13":"first","14":"outofstock","15":"sale","16":"taxable","17":"shipping-taxable","18":"purchasable","19":"product-type-variable","20":"add-to-wishlist-before_image"},"exclude_global_add_ons":[],"addons":[],"acf":[],"_links":{"self":[{"href":"https:\/\/shop.kustom.ch\/fr\/wp-json\/wp\/v2\/product\/108895"}],"collection":[{"href":"https:\/\/shop.kustom.ch\/fr\/wp-json\/wp\/v2\/product"}],"about":[{"href":"https:\/\/shop.kustom.ch\/fr\/wp-json\/wp\/v2\/types\/product"}],"wp:featuredmedia":[{"embeddable":true,"href":"https:\/\/shop.kustom.ch\/fr\/wp-json\/wp\/v2\/media\/108894"}],"wp:attachment":[{"href":"https:\/\/shop.kustom.ch\/fr\/wp-json\/wp\/v2\/media?parent=108895"}],"wp:term":[{"taxonomy":"product_brand","embeddable":true,"href":"https:\/\/shop.kustom.ch\/fr\/wp-json\/wp\/v2\/product_brand?post=108895"},{"taxonomy":"product_cat","embeddable":true,"href":"https:\/\/shop.kustom.ch\/fr\/wp-json\/wp\/v2\/product_cat?post=108895"},{"taxonomy":"product_tag","embeddable":true,"href":"https:\/\/shop.kustom.ch\/fr\/wp-json\/wp\/v2\/product_tag?post=108895"}],"curies":[{"name":"wp","href":"https:\/\/api.w.org\/{rel}","templated":true}]}}