{"id":108821,"date":"2024-03-20T18:29:55","date_gmt":"2024-03-20T17:29:55","guid":{"rendered":"https:\/\/kustomshop.kinsta.cloud\/produkt\/adv-hit-perforated-tank-w\/"},"modified":"2026-03-27T15:09:48","modified_gmt":"2026-03-27T14:09:48","slug":"adv-hit-perforated-tank-w","status":"publish","type":"product","link":"https:\/\/shop.kustom.ch\/fr\/produit\/adv-hit-perforated-tank-w\/","title":{"rendered":"ADV HiT R\u00e9servoir perfor\u00e9 W"},"content":{"rendered":"<p>D\u00e9bardeur court moulant en jersey doux de polyester recycl\u00e9 et \u00e9lasthanne pour un entra\u00eenement intensif. Perfor\u00e9 sur le devant, bandeau de cou scell\u00e9, manches et taille scell\u00e9s.<br \/>\n- Coupe \u00e9troite et courte<br \/>\n-perfor\u00e9 au recto et au verso<br \/>\n-Bandeau de cou gaufr\u00e9, manches et ceinture soud\u00e9es<br \/>\n-Jersey agr\u00e9able en polyester recycl\u00e9 et \u00e9lasthanne pour un excellent maintien dans tous les mouvements<\/p>\n<p>Mati\u00e8re : polyester recycl\u00e9 77%, \u00e9lasthanne 23%<\/p>","protected":false},"excerpt":{"rendered":"<p><span><\/span><\/p>","protected":false},"featured_media":108820,"template":"","meta":[],"product_brand":[],"product_cat":[4202],"product_tag":[],"class_list":{"0":"post-108821","1":"product","2":"type-product","3":"status-publish","4":"has-post-thumbnail","6":"product_cat-tank-tops","7":"pa_brand-craft-retail-sportswear","8":"pa_brand-type-sportswear","9":"pa_filter-color-beige","11":"first","12":"instock","13":"sale","14":"taxable","15":"shipping-taxable","16":"purchasable","17":"product-type-variable","18":"add-to-wishlist-before_image"},"exclude_global_add_ons":[],"addons":[],"acf":[],"_links":{"self":[{"href":"https:\/\/shop.kustom.ch\/fr\/wp-json\/wp\/v2\/product\/108821"}],"collection":[{"href":"https:\/\/shop.kustom.ch\/fr\/wp-json\/wp\/v2\/product"}],"about":[{"href":"https:\/\/shop.kustom.ch\/fr\/wp-json\/wp\/v2\/types\/product"}],"wp:featuredmedia":[{"embeddable":true,"href":"https:\/\/shop.kustom.ch\/fr\/wp-json\/wp\/v2\/media\/108820"}],"wp:attachment":[{"href":"https:\/\/shop.kustom.ch\/fr\/wp-json\/wp\/v2\/media?parent=108821"}],"wp:term":[{"taxonomy":"product_brand","embeddable":true,"href":"https:\/\/shop.kustom.ch\/fr\/wp-json\/wp\/v2\/product_brand?post=108821"},{"taxonomy":"product_cat","embeddable":true,"href":"https:\/\/shop.kustom.ch\/fr\/wp-json\/wp\/v2\/product_cat?post=108821"},{"taxonomy":"product_tag","embeddable":true,"href":"https:\/\/shop.kustom.ch\/fr\/wp-json\/wp\/v2\/product_tag?post=108821"}],"curies":[{"name":"wp","href":"https:\/\/api.w.org\/{rel}","templated":true}]}}