{"id":108702,"date":"2024-03-20T18:29:06","date_gmt":"2024-03-20T17:29:06","guid":{"rendered":"https:\/\/kustomshop.kinsta.cloud\/produkt\/adv-cool-intensity-ss-w\/"},"modified":"2026-04-16T10:19:55","modified_gmt":"2026-04-16T09:19:55","slug":"adv-cool-intensity-ss-w","status":"publish","type":"product","link":"https:\/\/shop.kustom.ch\/fr\/produit\/adv-cool-intensity-ss-w\/","title":{"rendered":"ADV Cool Intensity SS W"},"content":{"rendered":"<p>T-shirt sans coutures l\u00e9ger et rafra\u00eechissant \u00e0 structure bodymapped qui offre une excellente gestion de la temp\u00e9rature corporelle pendant les entra\u00eenements les plus intenses.<br \/>\n- Coupe ajust\u00e9e<br \/>\n- Finition sans couture pour une libert\u00e9 de mouvement optimale<br \/>\n- Mat\u00e9riau fin et l\u00e9ger avec zones climatiques sp\u00e9ciales<br \/>\n- Le polyester recycl\u00e9 r\u00e9duit l'empreinte \u00e9cologique<\/p>\n<p>Mat\u00e9riau : polyester recycl\u00e9 65% polyester 35%<\/p>","protected":false},"excerpt":{"rendered":"<p><span><\/span><\/p>","protected":false},"featured_media":108701,"template":"","meta":[],"product_brand":[],"product_cat":[4202],"product_tag":[],"class_list":{"0":"post-108702","1":"product","2":"type-product","3":"status-publish","4":"has-post-thumbnail","6":"product_cat-tank-tops","7":"pa_brand-craft-retail-sportswear","8":"pa_brand-type-sportswear","9":"pa_filter-color-schwarz","10":"pa_filter-color-violet","11":"pa_filter-color-weiss","13":"first","14":"instock","15":"sale","16":"taxable","17":"shipping-taxable","18":"purchasable","19":"product-type-variable","20":"add-to-wishlist-before_image"},"exclude_global_add_ons":[],"addons":[],"acf":[],"_links":{"self":[{"href":"https:\/\/shop.kustom.ch\/fr\/wp-json\/wp\/v2\/product\/108702"}],"collection":[{"href":"https:\/\/shop.kustom.ch\/fr\/wp-json\/wp\/v2\/product"}],"about":[{"href":"https:\/\/shop.kustom.ch\/fr\/wp-json\/wp\/v2\/types\/product"}],"wp:featuredmedia":[{"embeddable":true,"href":"https:\/\/shop.kustom.ch\/fr\/wp-json\/wp\/v2\/media\/108701"}],"wp:attachment":[{"href":"https:\/\/shop.kustom.ch\/fr\/wp-json\/wp\/v2\/media?parent=108702"}],"wp:term":[{"taxonomy":"product_brand","embeddable":true,"href":"https:\/\/shop.kustom.ch\/fr\/wp-json\/wp\/v2\/product_brand?post=108702"},{"taxonomy":"product_cat","embeddable":true,"href":"https:\/\/shop.kustom.ch\/fr\/wp-json\/wp\/v2\/product_cat?post=108702"},{"taxonomy":"product_tag","embeddable":true,"href":"https:\/\/shop.kustom.ch\/fr\/wp-json\/wp\/v2\/product_tag?post=108702"}],"curies":[{"name":"wp","href":"https:\/\/api.w.org\/{rel}","templated":true}]}}