{"id":108677,"date":"2024-03-20T18:28:54","date_gmt":"2024-03-20T17:28:54","guid":{"rendered":"https:\/\/kustomshop.kinsta.cloud\/produkt\/pro-gravel-ls-wind-jersey-w\/"},"modified":"2026-03-27T14:14:58","modified_gmt":"2026-03-27T13:14:58","slug":"pro-gravel-ls-wind-jersey-w","status":"publish","type":"product","link":"https:\/\/shop.kustom.ch\/fr\/produit\/pro-gravel-ls-wind-jersey-w\/","title":{"rendered":"PRO Gravel LS Wind Jersey W"},"content":{"rendered":"<p>Maillot de cyclisme \u00e0 manches longues pour les professionnels, en mati\u00e8re \u00e9lastique et r\u00e9sistante pour le gravel bike intensif. Trois poches \u00e0 l'arri\u00e8re avec une grande poche ext\u00e9rieure en mesh et une poche poitrine zipp\u00e9e.<br \/>\n- Mat\u00e9riau fonctionnel pour un excellent transfert d'humidit\u00e9 et un grand confort<br \/>\nTissu coupe-vent sur le jersey \u00e0 l'avant du corps, sur les \u00e9paules et sur le haut des bras<br \/>\n-Quatre poches ouvertes dans le dos, une plus grande et une poche zipp\u00e9e sur le c\u00f4t\u00e9<br \/>\n-Bande en silicone sur toute la taille pour un maintien antid\u00e9rapant<br \/>\n-Impression en silicone sur les \u00e9paules pour un maintien antid\u00e9rapant d'un sac \u00e0 dos<br \/>\n-Poche de poitrine avec fermeture \u00e0 glissi\u00e8re<\/p>\n<p>Mat\u00e9riau : Ext\u00e9rieur : 100% polyester recycl\u00e9 Face sup\u00e9rieure : 92% polyamide 8% \u00e9lasthanne Face sup\u00e9rieure des manches : 92% polyamide 8% \u00e9lasthanne Ext\u00e9rieur des poches arri\u00e8re : 88% polyamide 12% \u00e9lasthanne<\/p>","protected":false},"excerpt":{"rendered":"<p><span><\/span><\/p>","protected":false},"featured_media":108676,"template":"","meta":[],"product_brand":[],"product_cat":[4186,4201],"product_tag":[],"class_list":{"0":"post-108677","1":"product","2":"type-product","3":"status-publish","4":"has-post-thumbnail","6":"product_cat-jacken","7":"product_cat-t-shirts","8":"pa_brand-craft-retail-sportswear","9":"pa_brand-type-sportswear","10":"pa_filter-color-grau","12":"first","13":"outofstock","14":"sale","15":"taxable","16":"shipping-taxable","17":"purchasable","18":"product-type-variable","19":"add-to-wishlist-before_image"},"exclude_global_add_ons":[],"addons":[],"acf":[],"_links":{"self":[{"href":"https:\/\/shop.kustom.ch\/fr\/wp-json\/wp\/v2\/product\/108677"}],"collection":[{"href":"https:\/\/shop.kustom.ch\/fr\/wp-json\/wp\/v2\/product"}],"about":[{"href":"https:\/\/shop.kustom.ch\/fr\/wp-json\/wp\/v2\/types\/product"}],"wp:featuredmedia":[{"embeddable":true,"href":"https:\/\/shop.kustom.ch\/fr\/wp-json\/wp\/v2\/media\/108676"}],"wp:attachment":[{"href":"https:\/\/shop.kustom.ch\/fr\/wp-json\/wp\/v2\/media?parent=108677"}],"wp:term":[{"taxonomy":"product_brand","embeddable":true,"href":"https:\/\/shop.kustom.ch\/fr\/wp-json\/wp\/v2\/product_brand?post=108677"},{"taxonomy":"product_cat","embeddable":true,"href":"https:\/\/shop.kustom.ch\/fr\/wp-json\/wp\/v2\/product_cat?post=108677"},{"taxonomy":"product_tag","embeddable":true,"href":"https:\/\/shop.kustom.ch\/fr\/wp-json\/wp\/v2\/product_tag?post=108677"}],"curies":[{"name":"wp","href":"https:\/\/api.w.org\/{rel}","templated":true}]}}