{"id":108654,"date":"2024-03-20T18:28:43","date_gmt":"2024-03-20T17:28:43","guid":{"rendered":"https:\/\/kustomshop.kinsta.cloud\/produkt\/pro-gravel-ss-jersey-w\/"},"modified":"2026-03-27T13:56:54","modified_gmt":"2026-03-27T12:56:54","slug":"pro-gravel-ss-jersey-w","status":"publish","type":"product","link":"https:\/\/shop.kustom.ch\/fr\/produit\/pro-gravel-ss-jersey-w\/","title":{"rendered":"PRO Gravel SS Jersey W"},"content":{"rendered":"<p>Maillot de cyclisme pour professionnels en mat\u00e9riau stretch l\u00e9ger et r\u00e9sistant pour le gravel bike intensif. Trois poches dans le dos avec une grande poche ext\u00e9rieure en mesh et une poche avec fermeture \u00e9clair sur le c\u00f4t\u00e9.<br \/>\n- Mat\u00e9riau fonctionnel pour un excellent transfert d'humidit\u00e9 et un grand confort<br \/>\n-Quatre poches ouvertes dans le dos, une plus grande et une poche zipp\u00e9e sur le c\u00f4t\u00e9<br \/>\n-Impression en silicone sur les \u00e9paules pour un maintien antid\u00e9rapant d'un sac \u00e0 dos<br \/>\n-Poche de poitrine avec fermeture \u00e0 glissi\u00e8re<br \/>\n-Mat\u00e9riau en mesh sous les aisselles et \u00e0 l'int\u00e9rieur des poches pour une meilleure ventilation<\/p>\n<p>Mat\u00e9riau : Ext\u00e9rieur : 100% polyester recycl\u00e9 Dos inf\u00e9rieur : 88% polyamide 12% \u00e9lasthanne Doublure dos inf\u00e9rieur : 95% polyester recycl\u00e9 5% \u00e9lasthanne Aisselles : 95% polyester recycl\u00e9 5% \u00e9lasthanne<\/p>","protected":false},"excerpt":{"rendered":"<p><span><\/span><\/p>","protected":false},"featured_media":108653,"template":"","meta":[],"product_brand":[],"product_cat":[4201],"product_tag":[],"class_list":{"0":"post-108654","1":"product","2":"type-product","3":"status-publish","4":"has-post-thumbnail","6":"product_cat-t-shirts","7":"pa_brand-craft-retail-sportswear","8":"pa_brand-type-sportswear","9":"pa_filter-color-orange","10":"pa_filter-color-violet","12":"first","13":"outofstock","14":"sale","15":"taxable","16":"shipping-taxable","17":"purchasable","18":"product-type-variable","19":"add-to-wishlist-before_image"},"exclude_global_add_ons":[],"addons":[],"acf":[],"_links":{"self":[{"href":"https:\/\/shop.kustom.ch\/fr\/wp-json\/wp\/v2\/product\/108654"}],"collection":[{"href":"https:\/\/shop.kustom.ch\/fr\/wp-json\/wp\/v2\/product"}],"about":[{"href":"https:\/\/shop.kustom.ch\/fr\/wp-json\/wp\/v2\/types\/product"}],"wp:featuredmedia":[{"embeddable":true,"href":"https:\/\/shop.kustom.ch\/fr\/wp-json\/wp\/v2\/media\/108653"}],"wp:attachment":[{"href":"https:\/\/shop.kustom.ch\/fr\/wp-json\/wp\/v2\/media?parent=108654"}],"wp:term":[{"taxonomy":"product_brand","embeddable":true,"href":"https:\/\/shop.kustom.ch\/fr\/wp-json\/wp\/v2\/product_brand?post=108654"},{"taxonomy":"product_cat","embeddable":true,"href":"https:\/\/shop.kustom.ch\/fr\/wp-json\/wp\/v2\/product_cat?post=108654"},{"taxonomy":"product_tag","embeddable":true,"href":"https:\/\/shop.kustom.ch\/fr\/wp-json\/wp\/v2\/product_tag?post=108654"}],"curies":[{"name":"wp","href":"https:\/\/api.w.org\/{rel}","templated":true}]}}