{"id":108606,"date":"2024-03-20T18:28:16","date_gmt":"2024-03-20T17:28:16","guid":{"rendered":"https:\/\/kustomshop.kinsta.cloud\/produkt\/core-endur-logo-jersey-w\/"},"modified":"2026-03-27T14:07:12","modified_gmt":"2026-03-27T13:07:12","slug":"core-endur-logo-jersey-w","status":"publish","type":"product","link":"https:\/\/shop.kustom.ch\/fr\/produit\/core-endur-logo-jersey-w\/","title":{"rendered":"CORE Endur Logo Jersey W"},"content":{"rendered":"<p>Jersey doux pour le cyclisme en polyester recycl\u00e9 stretch pour une excellente \u00e9vacuation de l'humidit\u00e9. Fermeture \u00e9clair sur toute la longueur \u00e0 l'avant, trois poches \u00e0 l'arri\u00e8re et double bande \u00e0 l'arri\u00e8re, \u00e0 la taille, pour un ajustement s\u00fbr.<br \/>\n- Mat\u00e9riau fonctionnel pour un excellent transfert d'humidit\u00e9 et un grand confort<br \/>\n- 100% Polyester recycl\u00e9<br \/>\n- Mati\u00e8res douces et \u00e9lastiques pour un ajustement optimal et une libert\u00e9 de mouvement illimit\u00e9e<br \/>\n- Trois poches ouvertes \u00e0 l'arri\u00e8re<br \/>\n- fermeture \u00e9clair sur toute la longueur du devant<br \/>\n- double bande \u00e0 l'arri\u00e8re, \u00e0 la taille, pour un ajustement s\u00fbr<\/p>\n<p>Mati\u00e8re : 100% polyester recycl\u00e9<\/p>","protected":false},"excerpt":{"rendered":"<p><span><\/span><\/p>","protected":false},"featured_media":108605,"template":"","meta":[],"product_brand":[],"product_cat":[4201],"product_tag":[],"class_list":{"0":"post-108606","1":"product","2":"type-product","3":"status-publish","4":"has-post-thumbnail","6":"product_cat-t-shirts","7":"pa_brand-craft-retail-sportswear","8":"pa_brand-type-sportswear","9":"pa_filter-color-gruen","11":"first","12":"instock","13":"sale","14":"taxable","15":"shipping-taxable","16":"purchasable","17":"product-type-variable","18":"add-to-wishlist-before_image"},"exclude_global_add_ons":[],"addons":[],"acf":[],"_links":{"self":[{"href":"https:\/\/shop.kustom.ch\/fr\/wp-json\/wp\/v2\/product\/108606"}],"collection":[{"href":"https:\/\/shop.kustom.ch\/fr\/wp-json\/wp\/v2\/product"}],"about":[{"href":"https:\/\/shop.kustom.ch\/fr\/wp-json\/wp\/v2\/types\/product"}],"wp:featuredmedia":[{"embeddable":true,"href":"https:\/\/shop.kustom.ch\/fr\/wp-json\/wp\/v2\/media\/108605"}],"wp:attachment":[{"href":"https:\/\/shop.kustom.ch\/fr\/wp-json\/wp\/v2\/media?parent=108606"}],"wp:term":[{"taxonomy":"product_brand","embeddable":true,"href":"https:\/\/shop.kustom.ch\/fr\/wp-json\/wp\/v2\/product_brand?post=108606"},{"taxonomy":"product_cat","embeddable":true,"href":"https:\/\/shop.kustom.ch\/fr\/wp-json\/wp\/v2\/product_cat?post=108606"},{"taxonomy":"product_tag","embeddable":true,"href":"https:\/\/shop.kustom.ch\/fr\/wp-json\/wp\/v2\/product_tag?post=108606"}],"curies":[{"name":"wp","href":"https:\/\/api.w.org\/{rel}","templated":true}]}}