{"id":108571,"date":"2024-03-20T18:27:59","date_gmt":"2024-03-20T17:27:59","guid":{"rendered":"https:\/\/kustomshop.kinsta.cloud\/produkt\/core-essence-jersey-regular-fit-w\/"},"modified":"2026-03-27T14:05:34","modified_gmt":"2026-03-27T13:05:34","slug":"core-essence-jersey-regular-fit-w","status":"publish","type":"product","link":"https:\/\/shop.kustom.ch\/fr\/produit\/core-essence-jersey-regular-fit-w\/","title":{"rendered":"CORE Essence Jersey Regular Fit W"},"content":{"rendered":"<p>Maillot doux et \u00e9lastique pour le cyclisme, avec \u00e9vacuation id\u00e9ale de l'humidit\u00e9 et confort. Design intemporel, en polyester recycl\u00e9 100% respectueux de l'environnement. Quatre poches \u00e0 l'arri\u00e8re et impression en silicone sur l'ourlet arri\u00e8re.<br \/>\n- Mat\u00e9riau fonctionnel pour un excellent transfert d'humidit\u00e9 et un grand confort<br \/>\n-1% polyester recycl\u00e9<br \/>\n-Mat\u00e9riaux doux et \u00e9lastiques pour un ajustement optimal et une libert\u00e9 de mouvement illimit\u00e9e<br \/>\n-Quatre poches \u00e0 l'arri\u00e8re (dont une zipp\u00e9e)<br \/>\n-fermeture \u00e0 glissi\u00e8re sur toute la longueur du devant<br \/>\n-Logos r\u00e9fl\u00e9chissants<br \/>\n-Impression en silicone \u00e0 l'arri\u00e8re, \u00e0 la taille, pour un maintien antid\u00e9rapant<\/p>\n<p>Mati\u00e8re : 100% polyester recycl\u00e9<\/p>","protected":false},"excerpt":{"rendered":"<p><span><\/span><\/p>","protected":false},"featured_media":108570,"template":"","meta":[],"product_brand":[],"product_cat":[4201],"product_tag":[],"class_list":{"0":"post-108571","1":"product","2":"type-product","3":"status-publish","4":"has-post-thumbnail","6":"product_cat-t-shirts","7":"pa_brand-craft-retail-sportswear","8":"pa_brand-type-sportswear","9":"pa_filter-color-pink","10":"pa_filter-color-violet","12":"first","13":"instock","14":"sale","15":"taxable","16":"shipping-taxable","17":"purchasable","18":"product-type-variable","19":"add-to-wishlist-before_image"},"exclude_global_add_ons":[],"addons":[],"acf":[],"_links":{"self":[{"href":"https:\/\/shop.kustom.ch\/fr\/wp-json\/wp\/v2\/product\/108571"}],"collection":[{"href":"https:\/\/shop.kustom.ch\/fr\/wp-json\/wp\/v2\/product"}],"about":[{"href":"https:\/\/shop.kustom.ch\/fr\/wp-json\/wp\/v2\/types\/product"}],"wp:featuredmedia":[{"embeddable":true,"href":"https:\/\/shop.kustom.ch\/fr\/wp-json\/wp\/v2\/media\/108570"}],"wp:attachment":[{"href":"https:\/\/shop.kustom.ch\/fr\/wp-json\/wp\/v2\/media?parent=108571"}],"wp:term":[{"taxonomy":"product_brand","embeddable":true,"href":"https:\/\/shop.kustom.ch\/fr\/wp-json\/wp\/v2\/product_brand?post=108571"},{"taxonomy":"product_cat","embeddable":true,"href":"https:\/\/shop.kustom.ch\/fr\/wp-json\/wp\/v2\/product_cat?post=108571"},{"taxonomy":"product_tag","embeddable":true,"href":"https:\/\/shop.kustom.ch\/fr\/wp-json\/wp\/v2\/product_tag?post=108571"}],"curies":[{"name":"wp","href":"https:\/\/api.w.org\/{rel}","templated":true}]}}