{"id":108522,"date":"2024-03-20T18:27:40","date_gmt":"2024-03-20T17:27:40","guid":{"rendered":"https:\/\/kustomshop.kinsta.cloud\/produkt\/adv-aero-jersey-m-2\/"},"modified":"2026-03-27T14:35:14","modified_gmt":"2026-03-27T13:35:14","slug":"adv-aero-jersey-m-2","status":"publish","type":"product","link":"https:\/\/shop.kustom.ch\/fr\/produit\/adv-aero-jersey-m-2\/","title":{"rendered":"ADV Aero Jersey M"},"content":{"rendered":"<p>Collant de course pour coureurs avanc\u00e9s en mati\u00e8re Ventair coupe-vent \u00e0 l'avant avec un l\u00e9ger rembourrage et un design 3 couches coll\u00e9. Jersey en polyester recycl\u00e9 gratt\u00e9 et en \u00e9lasthanne dans la partie sup\u00e9rieure avant, dans le dos et aux extr\u00e9mit\u00e9s des jambes pour plus de chaleur et un confort accru.<br \/>\n- Face avant en mat\u00e9riau Ventair coupe-vent avec l\u00e9ger rembourrage et design 3 couches coll\u00e9<br \/>\n- Jersey en polyester recycl\u00e9 gratt\u00e9 et en \u00e9lasthanne sur la partie sup\u00e9rieure avant, dans le dos et \u00e0 l'arri\u00e8re des jambes pour plus de chaleur et de confort.<br \/>\n- Large ceinture en jersey avec int\u00e9rieur \u00e9lastique pour un ajustement parfait<br \/>\n- fermeture \u00e9clair au bas des jambes<br \/>\n- poche zipp\u00e9e \u00e0 l'arri\u00e8re<br \/>\n- Logo Craft sur le devant de la jambe<br \/>\n- Logo \u00e0 six points \u00e0 l'arri\u00e8re, sur la jambe<\/p>\n<p>Mat\u00e9riau : partie avant du corps : 100% polyester. Partie arri\u00e8re du corps : 88% polyester recycl\u00e9, 12% \u00e9lasthanne.<\/p>","protected":false},"excerpt":{"rendered":"<p><span><\/span><\/p>","protected":false},"featured_media":108521,"template":"","meta":[],"product_brand":[],"product_cat":[4201],"product_tag":[],"class_list":{"0":"post-108522","1":"product","2":"type-product","3":"status-publish","4":"has-post-thumbnail","6":"product_cat-t-shirts","7":"pa_brand-craft-retail-sportswear","8":"pa_brand-type-sportswear","9":"pa_filter-color-blau","10":"pa_filter-color-gruen","12":"first","13":"instock","14":"sale","15":"taxable","16":"shipping-taxable","17":"purchasable","18":"product-type-variable","19":"add-to-wishlist-before_image"},"exclude_global_add_ons":[],"addons":[],"acf":[],"_links":{"self":[{"href":"https:\/\/shop.kustom.ch\/fr\/wp-json\/wp\/v2\/product\/108522"}],"collection":[{"href":"https:\/\/shop.kustom.ch\/fr\/wp-json\/wp\/v2\/product"}],"about":[{"href":"https:\/\/shop.kustom.ch\/fr\/wp-json\/wp\/v2\/types\/product"}],"wp:featuredmedia":[{"embeddable":true,"href":"https:\/\/shop.kustom.ch\/fr\/wp-json\/wp\/v2\/media\/108521"}],"wp:attachment":[{"href":"https:\/\/shop.kustom.ch\/fr\/wp-json\/wp\/v2\/media?parent=108522"}],"wp:term":[{"taxonomy":"product_brand","embeddable":true,"href":"https:\/\/shop.kustom.ch\/fr\/wp-json\/wp\/v2\/product_brand?post=108522"},{"taxonomy":"product_cat","embeddable":true,"href":"https:\/\/shop.kustom.ch\/fr\/wp-json\/wp\/v2\/product_cat?post=108522"},{"taxonomy":"product_tag","embeddable":true,"href":"https:\/\/shop.kustom.ch\/fr\/wp-json\/wp\/v2\/product_tag?post=108522"}],"curies":[{"name":"wp","href":"https:\/\/api.w.org\/{rel}","templated":true}]}}