{"id":108514,"date":"2024-03-20T18:27:36","date_gmt":"2024-03-20T17:27:36","guid":{"rendered":"https:\/\/kustomshop.kinsta.cloud\/produkt\/pro-aero-jersey-m-2\/"},"modified":"2026-03-27T14:32:11","modified_gmt":"2026-03-27T13:32:11","slug":"pro-aero-jersey-m-2","status":"publish","type":"product","link":"https:\/\/shop.kustom.ch\/fr\/produit\/pro-aero-jersey-m-2\/","title":{"rendered":"PRO Aero Jersey M"},"content":{"rendered":"<p>Maillot de cyclisme pour professionnels avec d'excellentes propri\u00e9t\u00e9s a\u00e9rodynamiques pour une vitesse maximale. Inserts avec des zones climatiques sp\u00e9ciales pour un passage optimal de l'air et une r\u00e9sistance minimale \u00e0 l'air. Insert perfor\u00e9 dans le dos et extr\u00e9mit\u00e9s des manches coup\u00e9es.<\/p>\n<p>Mati\u00e8re : Ext\u00e9rieur : 92% Polyester 8% Elasthanne Manches : 80% Polyester 20% Elasthanne Dos sup\u00e9rieur : 80% Polyester 20% Elasthanne<\/p>","protected":false},"excerpt":{"rendered":"<p><span><\/span><\/p>","protected":false},"featured_media":108513,"template":"","meta":[],"product_brand":[],"product_cat":[4201],"product_tag":[],"class_list":{"0":"post-108514","1":"product","2":"type-product","3":"status-publish","4":"has-post-thumbnail","6":"product_cat-t-shirts","7":"pa_brand-craft-retail-sportswear","8":"pa_brand-type-sportswear","9":"pa_filter-color-blau","11":"first","12":"outofstock","13":"sale","14":"taxable","15":"shipping-taxable","16":"purchasable","17":"product-type-variable","18":"add-to-wishlist-before_image"},"exclude_global_add_ons":[],"addons":[],"acf":[],"_links":{"self":[{"href":"https:\/\/shop.kustom.ch\/fr\/wp-json\/wp\/v2\/product\/108514"}],"collection":[{"href":"https:\/\/shop.kustom.ch\/fr\/wp-json\/wp\/v2\/product"}],"about":[{"href":"https:\/\/shop.kustom.ch\/fr\/wp-json\/wp\/v2\/types\/product"}],"wp:featuredmedia":[{"embeddable":true,"href":"https:\/\/shop.kustom.ch\/fr\/wp-json\/wp\/v2\/media\/108513"}],"wp:attachment":[{"href":"https:\/\/shop.kustom.ch\/fr\/wp-json\/wp\/v2\/media?parent=108514"}],"wp:term":[{"taxonomy":"product_brand","embeddable":true,"href":"https:\/\/shop.kustom.ch\/fr\/wp-json\/wp\/v2\/product_brand?post=108514"},{"taxonomy":"product_cat","embeddable":true,"href":"https:\/\/shop.kustom.ch\/fr\/wp-json\/wp\/v2\/product_cat?post=108514"},{"taxonomy":"product_tag","embeddable":true,"href":"https:\/\/shop.kustom.ch\/fr\/wp-json\/wp\/v2\/product_tag?post=108514"}],"curies":[{"name":"wp","href":"https:\/\/api.w.org\/{rel}","templated":true}]}}