{"id":108476,"date":"2024-03-20T18:27:20","date_gmt":"2024-03-20T17:27:20","guid":{"rendered":"https:\/\/kustomshop.kinsta.cloud\/produkt\/pro-trail-2l-light-weight-jacket-m\/"},"modified":"2026-03-27T14:35:02","modified_gmt":"2026-03-27T13:35:02","slug":"pro-trail-2l-light-weight-jacket-m","status":"publish","type":"product","link":"https:\/\/shop.kustom.ch\/fr\/produit\/pro-trail-2l-light-weight-jacket-m\/","title":{"rendered":"Veste PRO Trail 2L poids plume M"},"content":{"rendered":"<p>Veste de trail running coupe-vent et d\u00e9perlante en tissu polyamide 2L ripstop durable.<br \/>\n- Polyamide 2 couches r\u00e9sistant, respirant, coupe-vent, imperm\u00e9able et ind\u00e9chirable<br \/>\n-Coutures soud\u00e9es aux endroits les plus expos\u00e9s aux intemp\u00e9ries<br \/>\n-Capuche r\u00e9glable avec cordon de serrage dissimul\u00e9 et stoppeur<br \/>\n-bande \u00e9lastique \u00e0 la taille et aux manches<br \/>\n-Deux poches poitrine faciles d'acc\u00e8s<br \/>\n-insert arri\u00e8re enti\u00e8rement ventil\u00e9<br \/>\n-Design ajour\u00e9 au niveau des ouvertures de manches pour une bonne ventilation<br \/>\n-Rev\u00eatement en silicone sur les \u00e9paules pour un maintien antid\u00e9rapant d'un sac \u00e0 dos<\/p>\n<p>Mati\u00e8re : 50% polyamide recycl\u00e9 50% polyamide<\/p>","protected":false},"excerpt":{"rendered":"<p><span><\/span><\/p>","protected":false},"featured_media":108475,"template":"","meta":[],"product_brand":[],"product_cat":[4186],"product_tag":[],"class_list":{"0":"post-108476","1":"product","2":"type-product","3":"status-publish","4":"has-post-thumbnail","6":"product_cat-jacken","7":"pa_brand-craft-retail-sportswear","8":"pa_brand-type-sportswear","9":"pa_filter-color-weiss","11":"first","12":"instock","13":"sale","14":"taxable","15":"shipping-taxable","16":"purchasable","17":"product-type-variable","18":"add-to-wishlist-before_image"},"exclude_global_add_ons":[],"addons":[],"acf":[],"_links":{"self":[{"href":"https:\/\/shop.kustom.ch\/fr\/wp-json\/wp\/v2\/product\/108476"}],"collection":[{"href":"https:\/\/shop.kustom.ch\/fr\/wp-json\/wp\/v2\/product"}],"about":[{"href":"https:\/\/shop.kustom.ch\/fr\/wp-json\/wp\/v2\/types\/product"}],"wp:featuredmedia":[{"embeddable":true,"href":"https:\/\/shop.kustom.ch\/fr\/wp-json\/wp\/v2\/media\/108475"}],"wp:attachment":[{"href":"https:\/\/shop.kustom.ch\/fr\/wp-json\/wp\/v2\/media?parent=108476"}],"wp:term":[{"taxonomy":"product_brand","embeddable":true,"href":"https:\/\/shop.kustom.ch\/fr\/wp-json\/wp\/v2\/product_brand?post=108476"},{"taxonomy":"product_cat","embeddable":true,"href":"https:\/\/shop.kustom.ch\/fr\/wp-json\/wp\/v2\/product_cat?post=108476"},{"taxonomy":"product_tag","embeddable":true,"href":"https:\/\/shop.kustom.ch\/fr\/wp-json\/wp\/v2\/product_tag?post=108476"}],"curies":[{"name":"wp","href":"https:\/\/api.w.org\/{rel}","templated":true}]}}