{"id":108440,"date":"2024-03-20T18:26:53","date_gmt":"2024-03-20T17:26:53","guid":{"rendered":"https:\/\/kustomshop.kinsta.cloud\/produkt\/pro-trail-singlet-w\/"},"modified":"2026-03-27T14:49:27","modified_gmt":"2026-03-27T13:49:27","slug":"pro-trail-singlet-w","status":"publish","type":"product","link":"https:\/\/shop.kustom.ch\/fr\/produit\/pro-trail-singlet-w\/","title":{"rendered":"PRO Trail Singlet W"},"content":{"rendered":"<p>Top de course de trail running avec mesh tiss\u00e9 stretch dans le dos.<br \/>\n- Petite poche en mesh stretch sur l'insert en haut du dos pour ranger les petits objets<br \/>\n-jersey \u00e9lastique et doux avec motif jacquard sur le devant<br \/>\n-encolure adapt\u00e9e pour \u00e9viter les frottements<br \/>\n-Rev\u00eatement en silicone sur les \u00e9paules pour un maintien antid\u00e9rapant d'un sac \u00e0 dos<br \/>\n-Fente lat\u00e9rale pour une libert\u00e9 de mouvement illimit\u00e9e<\/p>\n<p>Mat\u00e9riau : Avant : 93% polyester recycl\u00e9 7% \u00e9lasthanne Dos : 90% polyester recycl\u00e9 10% \u00e9lasthanne<\/p>","protected":false},"excerpt":{"rendered":"<p><span><\/span><\/p>","protected":false},"featured_media":108439,"template":"","meta":[],"product_brand":[],"product_cat":[4202],"product_tag":[],"class_list":{"0":"post-108440","1":"product","2":"type-product","3":"status-publish","4":"has-post-thumbnail","6":"product_cat-tank-tops","7":"pa_brand-craft-retail-sportswear","8":"pa_brand-type-sportswear","9":"pa_filter-color-orange","11":"first","12":"instock","13":"sale","14":"taxable","15":"shipping-taxable","16":"purchasable","17":"product-type-variable","18":"add-to-wishlist-before_image"},"exclude_global_add_ons":[],"addons":[],"acf":[],"_links":{"self":[{"href":"https:\/\/shop.kustom.ch\/fr\/wp-json\/wp\/v2\/product\/108440"}],"collection":[{"href":"https:\/\/shop.kustom.ch\/fr\/wp-json\/wp\/v2\/product"}],"about":[{"href":"https:\/\/shop.kustom.ch\/fr\/wp-json\/wp\/v2\/types\/product"}],"wp:featuredmedia":[{"embeddable":true,"href":"https:\/\/shop.kustom.ch\/fr\/wp-json\/wp\/v2\/media\/108439"}],"wp:attachment":[{"href":"https:\/\/shop.kustom.ch\/fr\/wp-json\/wp\/v2\/media?parent=108440"}],"wp:term":[{"taxonomy":"product_brand","embeddable":true,"href":"https:\/\/shop.kustom.ch\/fr\/wp-json\/wp\/v2\/product_brand?post=108440"},{"taxonomy":"product_cat","embeddable":true,"href":"https:\/\/shop.kustom.ch\/fr\/wp-json\/wp\/v2\/product_cat?post=108440"},{"taxonomy":"product_tag","embeddable":true,"href":"https:\/\/shop.kustom.ch\/fr\/wp-json\/wp\/v2\/product_tag?post=108440"}],"curies":[{"name":"wp","href":"https:\/\/api.w.org\/{rel}","templated":true}]}}