{"id":108425,"date":"2024-03-20T18:26:47","date_gmt":"2024-03-20T17:26:47","guid":{"rendered":"https:\/\/kustomshop.kinsta.cloud\/produkt\/pro-trail-ss-tee-w\/"},"modified":"2026-03-27T14:46:45","modified_gmt":"2026-03-27T13:46:45","slug":"pro-trail-ss-tee-w","status":"publish","type":"product","link":"https:\/\/shop.kustom.ch\/fr\/produit\/pro-trail-ss-tee-w\/","title":{"rendered":"PRO Trail SS Tee W"},"content":{"rendered":"<p>T-shirt de trail running \u00e0 manches courtes avec mesh stretch tiss\u00e9 dans le dos.<br \/>\n- Insert de manches raglan pour une libert\u00e9 de mouvement optimale des bras<br \/>\n- jersey jacquard \u00e9lastique doux sur le devant &amp; les manches<br \/>\n- Bords de manches et encolure gatapte pour \u00e9viter les frottements<br \/>\n- \u00e9paules renforc\u00e9es avec du silicone pour que le sac \u00e0 dos ne glisse pas<br \/>\n- Fentes lat\u00e9rales pour une libert\u00e9 de mouvement id\u00e9ale<\/p>\n<p>Mat\u00e9riau : Avant &amp; manches : 93% polyester recycl\u00e9 7% \u00e9lasthanne Dos : 90% polyester recycl\u00e9 10% \u00e9lasthanne<\/p>","protected":false},"excerpt":{"rendered":"<p><span><\/span><\/p>","protected":false},"featured_media":108424,"template":"","meta":[],"product_brand":[],"product_cat":[4201],"product_tag":[],"class_list":{"0":"post-108425","1":"product","2":"type-product","3":"status-publish","4":"has-post-thumbnail","6":"product_cat-t-shirts","7":"pa_brand-craft-retail-sportswear","8":"pa_brand-type-sportswear","9":"pa_filter-color-grau","10":"pa_filter-color-orange","12":"first","13":"instock","14":"sale","15":"taxable","16":"shipping-taxable","17":"purchasable","18":"product-type-variable","19":"add-to-wishlist-before_image"},"exclude_global_add_ons":[],"addons":[],"acf":[],"_links":{"self":[{"href":"https:\/\/shop.kustom.ch\/fr\/wp-json\/wp\/v2\/product\/108425"}],"collection":[{"href":"https:\/\/shop.kustom.ch\/fr\/wp-json\/wp\/v2\/product"}],"about":[{"href":"https:\/\/shop.kustom.ch\/fr\/wp-json\/wp\/v2\/types\/product"}],"wp:featuredmedia":[{"embeddable":true,"href":"https:\/\/shop.kustom.ch\/fr\/wp-json\/wp\/v2\/media\/108424"}],"wp:attachment":[{"href":"https:\/\/shop.kustom.ch\/fr\/wp-json\/wp\/v2\/media?parent=108425"}],"wp:term":[{"taxonomy":"product_brand","embeddable":true,"href":"https:\/\/shop.kustom.ch\/fr\/wp-json\/wp\/v2\/product_brand?post=108425"},{"taxonomy":"product_cat","embeddable":true,"href":"https:\/\/shop.kustom.ch\/fr\/wp-json\/wp\/v2\/product_cat?post=108425"},{"taxonomy":"product_tag","embeddable":true,"href":"https:\/\/shop.kustom.ch\/fr\/wp-json\/wp\/v2\/product_tag?post=108425"}],"curies":[{"name":"wp","href":"https:\/\/api.w.org\/{rel}","templated":true}]}}