{"id":108070,"date":"2024-03-20T18:25:02","date_gmt":"2024-03-20T17:25:02","guid":{"rendered":"https:\/\/kustomshop.kinsta.cloud\/produkt\/premier-solid-jersey-w\/"},"modified":"2026-03-27T14:36:53","modified_gmt":"2026-03-27T13:36:53","slug":"premier-solid-jersey-w","status":"publish","type":"product","link":"https:\/\/shop.kustom.ch\/fr\/produit\/premier-solid-jersey-w\/","title":{"rendered":"Premier Solid Jersey W"},"content":{"rendered":"<p>Premier Solid Jersey est un maillot de comp\u00e9tition de haute qualit\u00e9, con\u00e7u pour les performances sportives de haut niveau. Ce maillot hautement fonctionnel en polyester recycl\u00e9 fin et tr\u00e8s \u00e9lastique est dot\u00e9 d'inserts en mesh sur les c\u00f4t\u00e9s pour une ventilation optimale et une gestion efficace de la temp\u00e9rature corporelle. Une grande \u00e9lasticit\u00e9, un design ergonomique et des fentes lat\u00e9rales assurent une libert\u00e9 de mouvement illimit\u00e9e. De plus, le maillot dispose d'un col soud\u00e9 et d'une surface de mat\u00e9riau structur\u00e9e \u00e0 l'avant et \u00e0 l'arri\u00e8re.<\/p>\n<p>Mati\u00e8re : 95% polyester recycl\u00e9, 5% \u00e9lasthanne<\/p>","protected":false},"excerpt":{"rendered":"<p><span><\/span><\/p>","protected":false},"featured_media":108069,"template":"","meta":[],"product_brand":[],"product_cat":[4201],"product_tag":[],"class_list":{"0":"post-108070","1":"product","2":"type-product","3":"status-publish","4":"has-post-thumbnail","6":"product_cat-t-shirts","7":"pa_brand-craft-teamwear","8":"pa_brand-type-sportswear","9":"pa_filter-color-blau","10":"pa_filter-color-gelb","11":"pa_filter-color-grau","12":"pa_filter-color-gruen","13":"pa_filter-color-schwarz","15":"first","16":"instock","17":"sale","18":"taxable","19":"shipping-taxable","20":"purchasable","21":"product-type-variable","22":"add-to-wishlist-before_image"},"exclude_global_add_ons":[],"addons":[],"acf":[],"_links":{"self":[{"href":"https:\/\/shop.kustom.ch\/fr\/wp-json\/wp\/v2\/product\/108070"}],"collection":[{"href":"https:\/\/shop.kustom.ch\/fr\/wp-json\/wp\/v2\/product"}],"about":[{"href":"https:\/\/shop.kustom.ch\/fr\/wp-json\/wp\/v2\/types\/product"}],"wp:featuredmedia":[{"embeddable":true,"href":"https:\/\/shop.kustom.ch\/fr\/wp-json\/wp\/v2\/media\/108069"}],"wp:attachment":[{"href":"https:\/\/shop.kustom.ch\/fr\/wp-json\/wp\/v2\/media?parent=108070"}],"wp:term":[{"taxonomy":"product_brand","embeddable":true,"href":"https:\/\/shop.kustom.ch\/fr\/wp-json\/wp\/v2\/product_brand?post=108070"},{"taxonomy":"product_cat","embeddable":true,"href":"https:\/\/shop.kustom.ch\/fr\/wp-json\/wp\/v2\/product_cat?post=108070"},{"taxonomy":"product_tag","embeddable":true,"href":"https:\/\/shop.kustom.ch\/fr\/wp-json\/wp\/v2\/product_tag?post=108070"}],"curies":[{"name":"wp","href":"https:\/\/api.w.org\/{rel}","templated":true}]}}