{"id":107868,"date":"2024-03-20T18:24:02","date_gmt":"2024-03-20T17:24:02","guid":{"rendered":"https:\/\/kustomshop.kinsta.cloud\/produkt\/extend-jersey-m\/"},"modified":"2026-03-27T15:43:00","modified_gmt":"2026-03-27T14:43:00","slug":"extend-jersey-m","status":"publish","type":"product","link":"https:\/\/shop.kustom.ch\/fr\/produit\/extend-jersey-m\/","title":{"rendered":"Extend Jersey M"},"content":{"rendered":"<p>EXTEND Jersey est un maillot d'entra\u00eenement hautement fonctionnel, con\u00e7u pour les performances sportives de haut niveau. Ce maillot \u00e0 manches courtes de haute qualit\u00e9 en polyester recycl\u00e9 fin et tr\u00e8s \u00e9lastique offre une excellente \u00e9vacuation de l'humidit\u00e9 et une libert\u00e9 de mouvement illimit\u00e9e. Il est \u00e9galement dot\u00e9 d'inserts en mesh pour la ventilation sous les aisselles, d'une surface structur\u00e9e et d'un col soud\u00e9. Coupe ajust\u00e9e.<br \/>\n-<\/p>\n<p>Mati\u00e8re : 91% polyester recycl\u00e9, 9% \u00e9lasthanne<\/p>","protected":false},"excerpt":{"rendered":"<p><span><\/span><\/p>","protected":false},"featured_media":107867,"template":"","meta":[],"product_brand":[],"product_cat":[4201],"product_tag":[],"class_list":{"0":"post-107868","1":"product","2":"type-product","3":"status-publish","4":"has-post-thumbnail","6":"product_cat-t-shirts","7":"pa_brand-craft-teamwear","8":"pa_brand-type-sportswear","9":"pa_filter-color-blau","10":"pa_filter-color-gelb","11":"pa_filter-color-grau","12":"pa_filter-color-gruen","13":"pa_filter-color-rot","15":"first","16":"instock","17":"sale","18":"taxable","19":"shipping-taxable","20":"purchasable","21":"product-type-variable","22":"add-to-wishlist-before_image"},"exclude_global_add_ons":[],"addons":[],"acf":[],"_links":{"self":[{"href":"https:\/\/shop.kustom.ch\/fr\/wp-json\/wp\/v2\/product\/107868"}],"collection":[{"href":"https:\/\/shop.kustom.ch\/fr\/wp-json\/wp\/v2\/product"}],"about":[{"href":"https:\/\/shop.kustom.ch\/fr\/wp-json\/wp\/v2\/types\/product"}],"wp:featuredmedia":[{"embeddable":true,"href":"https:\/\/shop.kustom.ch\/fr\/wp-json\/wp\/v2\/media\/107867"}],"wp:attachment":[{"href":"https:\/\/shop.kustom.ch\/fr\/wp-json\/wp\/v2\/media?parent=107868"}],"wp:term":[{"taxonomy":"product_brand","embeddable":true,"href":"https:\/\/shop.kustom.ch\/fr\/wp-json\/wp\/v2\/product_brand?post=107868"},{"taxonomy":"product_cat","embeddable":true,"href":"https:\/\/shop.kustom.ch\/fr\/wp-json\/wp\/v2\/product_cat?post=107868"},{"taxonomy":"product_tag","embeddable":true,"href":"https:\/\/shop.kustom.ch\/fr\/wp-json\/wp\/v2\/product_tag?post=107868"}],"curies":[{"name":"wp","href":"https:\/\/api.w.org\/{rel}","templated":true}]}}