{"id":107740,"date":"2024-03-20T18:23:18","date_gmt":"2024-03-20T17:23:18","guid":{"rendered":"https:\/\/kustomshop.kinsta.cloud\/produkt\/extend-half-zip-w\/"},"modified":"2026-03-27T15:42:45","modified_gmt":"2026-03-27T14:42:45","slug":"extend-half-zip-w","status":"publish","type":"product","link":"https:\/\/shop.kustom.ch\/fr\/produit\/extend-half-zip-w\/","title":{"rendered":"Extend Half Zip W"},"content":{"rendered":"<p>L'Extend Half Zip est un haut d'entra\u00eenement hautement fonctionnel, con\u00e7u pour les performances sportives de haut niveau. Ce maillot de haute qualit\u00e9 en polyester recycl\u00e9 fin et tr\u00e8s \u00e9lastique offre un excellent transfert d'humidit\u00e9 ainsi qu'une libert\u00e9 de mouvement illimit\u00e9e. Il dispose en outre d'une fermeture \u00e9clair mi-longue soud\u00e9e au niveau du col et d'un col bombardier. Coupe ajust\u00e9e.<\/p>\n<p>Mati\u00e8re : 88 % polyester recycl\u00e9, 12% \u00e9lasthanne<\/p>","protected":false},"excerpt":{"rendered":"<p><span><\/span><\/p>","protected":false},"featured_media":107739,"template":"","meta":[],"product_brand":[],"product_cat":[4191],"product_tag":[],"class_list":{"0":"post-107740","1":"product","2":"type-product","3":"status-publish","4":"has-post-thumbnail","6":"product_cat-longsleeves-sweatshirts","7":"pa_brand-craft-teamwear","8":"pa_brand-type-sportswear","9":"pa_filter-color-blau","10":"pa_filter-color-gelb","11":"pa_filter-color-grau","12":"pa_filter-color-gruen","13":"pa_filter-color-rot","15":"first","16":"instock","17":"sale","18":"taxable","19":"shipping-taxable","20":"purchasable","21":"product-type-variable","22":"add-to-wishlist-before_image"},"exclude_global_add_ons":[],"addons":[],"acf":[],"_links":{"self":[{"href":"https:\/\/shop.kustom.ch\/fr\/wp-json\/wp\/v2\/product\/107740"}],"collection":[{"href":"https:\/\/shop.kustom.ch\/fr\/wp-json\/wp\/v2\/product"}],"about":[{"href":"https:\/\/shop.kustom.ch\/fr\/wp-json\/wp\/v2\/types\/product"}],"wp:featuredmedia":[{"embeddable":true,"href":"https:\/\/shop.kustom.ch\/fr\/wp-json\/wp\/v2\/media\/107739"}],"wp:attachment":[{"href":"https:\/\/shop.kustom.ch\/fr\/wp-json\/wp\/v2\/media?parent=107740"}],"wp:term":[{"taxonomy":"product_brand","embeddable":true,"href":"https:\/\/shop.kustom.ch\/fr\/wp-json\/wp\/v2\/product_brand?post=107740"},{"taxonomy":"product_cat","embeddable":true,"href":"https:\/\/shop.kustom.ch\/fr\/wp-json\/wp\/v2\/product_cat?post=107740"},{"taxonomy":"product_tag","embeddable":true,"href":"https:\/\/shop.kustom.ch\/fr\/wp-json\/wp\/v2\/product_tag?post=107740"}],"curies":[{"name":"wp","href":"https:\/\/api.w.org\/{rel}","templated":true}]}}