{"id":107685,"date":"2024-03-20T18:23:03","date_gmt":"2024-03-20T17:23:03","guid":{"rendered":"https:\/\/kustomshop.kinsta.cloud\/produkt\/extend-half-zip-m\/"},"modified":"2026-03-27T15:42:28","modified_gmt":"2026-03-27T14:42:28","slug":"extend-half-zip-m","status":"publish","type":"product","link":"https:\/\/shop.kustom.ch\/fr\/produit\/extend-half-zip-m\/","title":{"rendered":"Extend Half Zip M"},"content":{"rendered":"<p>L'EXTEND Half Zip est un haut d'entra\u00eenement hautement fonctionnel, con\u00e7u pour les performances sportives de haut niveau. Ce maillot de haute qualit\u00e9 en polyester recycl\u00e9 fin et tr\u00e8s \u00e9lastique offre une excellente \u00e9vacuation de l'humidit\u00e9 et une libert\u00e9 de mouvement illimit\u00e9e. Il dispose en outre d'une fermeture \u00e9clair mi-longue soud\u00e9e sur le devant et d'un col bombardier. Coupe ajust\u00e9e.<br \/>\n-<\/p>\n<p>Mati\u00e8re : 88 % polyester recycl\u00e9, 12% \u00e9lasthanne<\/p>","protected":false},"excerpt":{"rendered":"<p><span><\/span><\/p>","protected":false},"featured_media":107684,"template":"","meta":[],"product_brand":[],"product_cat":[4191],"product_tag":[],"class_list":{"0":"post-107685","1":"product","2":"type-product","3":"status-publish","4":"has-post-thumbnail","6":"product_cat-longsleeves-sweatshirts","7":"pa_brand-craft-teamwear","8":"pa_brand-type-sportswear","9":"pa_filter-color-blau","10":"pa_filter-color-gelb","11":"pa_filter-color-grau","12":"pa_filter-color-gruen","13":"pa_filter-color-rot","15":"first","16":"instock","17":"sale","18":"taxable","19":"shipping-taxable","20":"purchasable","21":"product-type-variable","22":"add-to-wishlist-before_image"},"exclude_global_add_ons":[],"addons":[],"acf":[],"_links":{"self":[{"href":"https:\/\/shop.kustom.ch\/fr\/wp-json\/wp\/v2\/product\/107685"}],"collection":[{"href":"https:\/\/shop.kustom.ch\/fr\/wp-json\/wp\/v2\/product"}],"about":[{"href":"https:\/\/shop.kustom.ch\/fr\/wp-json\/wp\/v2\/types\/product"}],"wp:featuredmedia":[{"embeddable":true,"href":"https:\/\/shop.kustom.ch\/fr\/wp-json\/wp\/v2\/media\/107684"}],"wp:attachment":[{"href":"https:\/\/shop.kustom.ch\/fr\/wp-json\/wp\/v2\/media?parent=107685"}],"wp:term":[{"taxonomy":"product_brand","embeddable":true,"href":"https:\/\/shop.kustom.ch\/fr\/wp-json\/wp\/v2\/product_brand?post=107685"},{"taxonomy":"product_cat","embeddable":true,"href":"https:\/\/shop.kustom.ch\/fr\/wp-json\/wp\/v2\/product_cat?post=107685"},{"taxonomy":"product_tag","embeddable":true,"href":"https:\/\/shop.kustom.ch\/fr\/wp-json\/wp\/v2\/product_tag?post=107685"}],"curies":[{"name":"wp","href":"https:\/\/api.w.org\/{rel}","templated":true}]}}