{"id":107581,"date":"2024-03-20T18:22:34","date_gmt":"2024-03-20T17:22:34","guid":{"rendered":"https:\/\/kustomshop.kinsta.cloud\/produkt\/extend-full-zip-m\/"},"modified":"2026-03-27T13:48:26","modified_gmt":"2026-03-27T12:48:26","slug":"extend-full-zip-m","status":"publish","type":"product","link":"https:\/\/shop.kustom.ch\/fr\/produit\/extend-full-zip-m\/","title":{"rendered":"Extend Full Zip M"},"content":{"rendered":"<p>EXTEND Full Zip est un haut d'entra\u00eenement hautement fonctionnel, con\u00e7u pour les performances sportives de haut niveau. Ce maillot de haute qualit\u00e9 en polyester recycl\u00e9 fin et tr\u00e8s \u00e9lastique offre un excellent transfert d'humidit\u00e9 ainsi qu'une libert\u00e9 de mouvement illimit\u00e9e. Il dispose en outre d'une fermeture \u00e9clair sur toute la longueur, de deux empi\u00e8cements lat\u00e9raux avec une surface de mat\u00e9riau structur\u00e9e, de deux poches lat\u00e9rales avec fermeture \u00e9clair, d'une capuche en tissu et d'un passant pour fixer la capuche en toute s\u00e9curit\u00e9 lorsqu'elle n'est pas utilis\u00e9e. Coupe ajust\u00e9e.<br \/>\n-<\/p>\n<p>Mati\u00e8re : 88% polyester recycl\u00e9, 12% \u00e9lasthanne, capuche : 60% polyester recycl\u00e9, 40% polyester<\/p>","protected":false},"excerpt":{"rendered":"<p><span><\/span><\/p>","protected":false},"featured_media":107580,"template":"","meta":[],"product_brand":[],"product_cat":[4191],"product_tag":[],"class_list":{"0":"post-107581","1":"product","2":"type-product","3":"status-publish","4":"has-post-thumbnail","6":"product_cat-longsleeves-sweatshirts","7":"pa_brand-craft-teamwear","8":"pa_brand-type-sportswear","9":"pa_filter-color-blau","10":"pa_filter-color-gelb","11":"pa_filter-color-grau","12":"pa_filter-color-gruen","13":"pa_filter-color-rot","15":"first","16":"instock","17":"sale","18":"taxable","19":"shipping-taxable","20":"purchasable","21":"product-type-variable","22":"add-to-wishlist-before_image"},"exclude_global_add_ons":[],"addons":[],"acf":[],"_links":{"self":[{"href":"https:\/\/shop.kustom.ch\/fr\/wp-json\/wp\/v2\/product\/107581"}],"collection":[{"href":"https:\/\/shop.kustom.ch\/fr\/wp-json\/wp\/v2\/product"}],"about":[{"href":"https:\/\/shop.kustom.ch\/fr\/wp-json\/wp\/v2\/types\/product"}],"wp:featuredmedia":[{"embeddable":true,"href":"https:\/\/shop.kustom.ch\/fr\/wp-json\/wp\/v2\/media\/107580"}],"wp:attachment":[{"href":"https:\/\/shop.kustom.ch\/fr\/wp-json\/wp\/v2\/media?parent=107581"}],"wp:term":[{"taxonomy":"product_brand","embeddable":true,"href":"https:\/\/shop.kustom.ch\/fr\/wp-json\/wp\/v2\/product_brand?post=107581"},{"taxonomy":"product_cat","embeddable":true,"href":"https:\/\/shop.kustom.ch\/fr\/wp-json\/wp\/v2\/product_cat?post=107581"},{"taxonomy":"product_tag","embeddable":true,"href":"https:\/\/shop.kustom.ch\/fr\/wp-json\/wp\/v2\/product_tag?post=107581"}],"curies":[{"name":"wp","href":"https:\/\/api.w.org\/{rel}","templated":true}]}}