{"id":107505,"date":"2024-03-20T18:22:05","date_gmt":"2024-03-20T17:22:05","guid":{"rendered":"https:\/\/kustomshop.kinsta.cloud\/produkt\/squad-2-0-crewneck-jr\/"},"modified":"2026-03-27T15:21:23","modified_gmt":"2026-03-27T14:21:23","slug":"squad-2-0-crewneck-jr","status":"publish","type":"product","link":"https:\/\/shop.kustom.ch\/fr\/produit\/squad-2-0-crewneck-jr\/","title":{"rendered":"T-Shirt ras du cou Squad 2.0 Jr"},"content":{"rendered":"<p>Le Squad 2.0 Crew Neck est un maillot d'entra\u00eenement \u00e0 manches longues pour d\u00e9butants, fabriqu\u00e9 en polyester recycl\u00e9, qui assure une \u00e9vacuation efficace de l'humidit\u00e9 pour des performances optimales. De plus, sa grande \u00e9lasticit\u00e9 et son design ergonomique garantissent un grand confort et une libert\u00e9 de mouvement illimit\u00e9e. Ce maillot d'entra\u00eenement \u00e0 manches longues pr\u00e9sente un design en blocs de couleur. Coupe normale.<\/p>\n<p>Mati\u00e8re : 100% polyester recycl\u00e9<\/p>","protected":false},"excerpt":{"rendered":"<p><span><\/span><\/p>","protected":false},"featured_media":107504,"template":"","meta":[],"product_brand":[],"product_cat":[4191],"product_tag":[],"class_list":{"0":"post-107505","1":"product","2":"type-product","3":"status-publish","4":"has-post-thumbnail","6":"product_cat-longsleeves-sweatshirts","7":"pa_brand-craft-teamwear","8":"pa_brand-type-sportswear","9":"pa_filter-color-blau","10":"pa_filter-color-grau","11":"pa_filter-color-gruen","12":"pa_filter-color-rot","13":"pa_filter-color-schwarz","15":"first","16":"instock","17":"sale","18":"taxable","19":"shipping-taxable","20":"purchasable","21":"product-type-variable","22":"add-to-wishlist-before_image"},"exclude_global_add_ons":[],"addons":[],"acf":[],"_links":{"self":[{"href":"https:\/\/shop.kustom.ch\/fr\/wp-json\/wp\/v2\/product\/107505"}],"collection":[{"href":"https:\/\/shop.kustom.ch\/fr\/wp-json\/wp\/v2\/product"}],"about":[{"href":"https:\/\/shop.kustom.ch\/fr\/wp-json\/wp\/v2\/types\/product"}],"wp:featuredmedia":[{"embeddable":true,"href":"https:\/\/shop.kustom.ch\/fr\/wp-json\/wp\/v2\/media\/107504"}],"wp:attachment":[{"href":"https:\/\/shop.kustom.ch\/fr\/wp-json\/wp\/v2\/media?parent=107505"}],"wp:term":[{"taxonomy":"product_brand","embeddable":true,"href":"https:\/\/shop.kustom.ch\/fr\/wp-json\/wp\/v2\/product_brand?post=107505"},{"taxonomy":"product_cat","embeddable":true,"href":"https:\/\/shop.kustom.ch\/fr\/wp-json\/wp\/v2\/product_cat?post=107505"},{"taxonomy":"product_tag","embeddable":true,"href":"https:\/\/shop.kustom.ch\/fr\/wp-json\/wp\/v2\/product_tag?post=107505"}],"curies":[{"name":"wp","href":"https:\/\/api.w.org\/{rel}","templated":true}]}}