{"id":107119,"date":"2024-03-20T18:20:09","date_gmt":"2024-03-20T17:20:09","guid":{"rendered":"https:\/\/kustomshop.kinsta.cloud\/produkt\/squad-2-0-contrast-jersey-w\/"},"modified":"2026-03-27T15:15:13","modified_gmt":"2026-03-27T14:15:13","slug":"squad-2-0-contrast-jersey-w","status":"publish","type":"product","link":"https:\/\/shop.kustom.ch\/fr\/produit\/squad-2-0-contrast-jersey-w\/","title":{"rendered":"Squad 2.0 Contrast Jersey W"},"content":{"rendered":"<p>Le Squad 2.0 Contrast Jersey est un maillot d'entra\u00eenement fonctionnel pour d\u00e9butants en polyester recycl\u00e9 qui offre une \u00e9vacuation efficace de l'humidit\u00e9 pour des performances optimales. De plus, sa grande \u00e9lasticit\u00e9 et son design ergonomique garantissent un grand confort et une libert\u00e9 de mouvement illimit\u00e9e. Ce maillot d'entra\u00eenement \u00e0 manches courtes est dot\u00e9 de bandes contrast\u00e9es sur les manches. Coupe normale.<\/p>\n<p>Mati\u00e8re : 100% polyester recycl\u00e9<\/p>","protected":false},"excerpt":{"rendered":"<p><span><\/span><\/p>","protected":false},"featured_media":107118,"template":"","meta":[],"product_brand":[],"product_cat":[4201],"product_tag":[],"class_list":{"0":"post-107119","1":"product","2":"type-product","3":"status-publish","4":"has-post-thumbnail","6":"product_cat-t-shirts","7":"pa_brand-craft-teamwear","8":"pa_brand-type-sportswear","9":"pa_filter-color-blau","10":"pa_filter-color-gelb","11":"pa_filter-color-grau","12":"pa_filter-color-gruen","13":"pa_filter-color-rot","14":"pa_filter-color-schwarz","15":"pa_filter-color-weiss","17":"first","18":"instock","19":"sale","20":"taxable","21":"shipping-taxable","22":"purchasable","23":"product-type-variable","24":"add-to-wishlist-before_image"},"exclude_global_add_ons":[],"addons":[],"acf":[],"_links":{"self":[{"href":"https:\/\/shop.kustom.ch\/fr\/wp-json\/wp\/v2\/product\/107119"}],"collection":[{"href":"https:\/\/shop.kustom.ch\/fr\/wp-json\/wp\/v2\/product"}],"about":[{"href":"https:\/\/shop.kustom.ch\/fr\/wp-json\/wp\/v2\/types\/product"}],"wp:featuredmedia":[{"embeddable":true,"href":"https:\/\/shop.kustom.ch\/fr\/wp-json\/wp\/v2\/media\/107118"}],"wp:attachment":[{"href":"https:\/\/shop.kustom.ch\/fr\/wp-json\/wp\/v2\/media?parent=107119"}],"wp:term":[{"taxonomy":"product_brand","embeddable":true,"href":"https:\/\/shop.kustom.ch\/fr\/wp-json\/wp\/v2\/product_brand?post=107119"},{"taxonomy":"product_cat","embeddable":true,"href":"https:\/\/shop.kustom.ch\/fr\/wp-json\/wp\/v2\/product_cat?post=107119"},{"taxonomy":"product_tag","embeddable":true,"href":"https:\/\/shop.kustom.ch\/fr\/wp-json\/wp\/v2\/product_tag?post=107119"}],"curies":[{"name":"wp","href":"https:\/\/api.w.org\/{rel}","templated":true}]}}