{"id":107018,"date":"2024-03-20T18:19:35","date_gmt":"2024-03-20T17:19:35","guid":{"rendered":"https:\/\/kustomshop.kinsta.cloud\/produkt\/core-nordic-ski-club-skirt-w\/"},"modified":"2026-03-27T13:49:33","modified_gmt":"2026-03-27T12:49:33","slug":"core-nordic-ski-club-skirt-w","status":"publish","type":"product","link":"https:\/\/shop.kustom.ch\/fr\/produit\/core-nordic-ski-club-skirt-w\/","title":{"rendered":"CORE Nordic Ski Club Skirt W"},"content":{"rendered":"<p>Jupe de ski de fond matelass\u00e9e chaude et polyvalente pour le ski de fond dans des conditions froides. Piqu\u00e9e et matelass\u00e9e \u00e0 l'avant et \u00e0 l'arri\u00e8re, elle est dot\u00e9e d'un jersey gratt\u00e9 sur les c\u00f4t\u00e9s pour une plus grande libert\u00e9 de mouvement. Large ceinture pour un ajustement optimal et fermetures \u00e9clair \u00e0 double sens sur les coutures lat\u00e9rales pour un enfilage et un retrait faciles.<br \/>\n- Avant et arri\u00e8re matelass\u00e9s et rembourr\u00e9s pour la chaleur et le confort.<br \/>\n-60 Rembourrage GSM.<br \/>\n-Poche plaqu\u00e9e avec fermeture \u00e0 glissi\u00e8re dissimul\u00e9e sur le devant.<br \/>\n-Fermeture \u00e0 glissi\u00e8re \u00e0 double sens sur la couture lat\u00e9rale pour faciliter l'habillage et le d\u00e9shabillage.<br \/>\n-jersey bross\u00e9 doux \u00e0 la taille.<br \/>\n-Ceinture plus large pour un meilleur ajustement<br \/>\n-Jersey doux et bross\u00e9 sur les c\u00f4t\u00e9s pour la libert\u00e9 de mouvement.<\/p>\n<p>Mat\u00e9riaux : Corps &amp; doublure : 45% polyester recycl\u00e9 55% polyester Rembourrage : 100% polyester<\/p>","protected":false},"excerpt":{"rendered":"<p><span><\/span><\/p>","protected":false},"featured_media":107017,"template":"","meta":[],"product_brand":[],"product_cat":[4194],"product_tag":[],"class_list":{"0":"post-107018","1":"product","2":"type-product","3":"status-publish","4":"has-post-thumbnail","6":"product_cat-roecke","7":"pa_brand-craft-retail-sportswear","8":"pa_brand-type-sportswear","9":"pa_filter-color-blau","10":"pa_filter-color-schwarz","12":"first","13":"instock","14":"sale","15":"taxable","16":"shipping-taxable","17":"purchasable","18":"product-type-variable","19":"add-to-wishlist-before_image"},"exclude_global_add_ons":[],"addons":[],"acf":[],"_links":{"self":[{"href":"https:\/\/shop.kustom.ch\/fr\/wp-json\/wp\/v2\/product\/107018"}],"collection":[{"href":"https:\/\/shop.kustom.ch\/fr\/wp-json\/wp\/v2\/product"}],"about":[{"href":"https:\/\/shop.kustom.ch\/fr\/wp-json\/wp\/v2\/types\/product"}],"wp:featuredmedia":[{"embeddable":true,"href":"https:\/\/shop.kustom.ch\/fr\/wp-json\/wp\/v2\/media\/107017"}],"wp:attachment":[{"href":"https:\/\/shop.kustom.ch\/fr\/wp-json\/wp\/v2\/media?parent=107018"}],"wp:term":[{"taxonomy":"product_brand","embeddable":true,"href":"https:\/\/shop.kustom.ch\/fr\/wp-json\/wp\/v2\/product_brand?post=107018"},{"taxonomy":"product_cat","embeddable":true,"href":"https:\/\/shop.kustom.ch\/fr\/wp-json\/wp\/v2\/product_cat?post=107018"},{"taxonomy":"product_tag","embeddable":true,"href":"https:\/\/shop.kustom.ch\/fr\/wp-json\/wp\/v2\/product_tag?post=107018"}],"curies":[{"name":"wp","href":"https:\/\/api.w.org\/{rel}","templated":true}]}}