{"id":106810,"date":"2024-03-20T18:18:20","date_gmt":"2024-03-20T17:18:20","guid":{"rendered":"https:\/\/kustomshop.kinsta.cloud\/produkt\/core-nordic-ski-club-fz-pants-m\/"},"modified":"2026-03-27T14:10:10","modified_gmt":"2026-03-27T13:10:10","slug":"core-nordic-ski-club-fz-pants-m","status":"publish","type":"product","link":"https:\/\/shop.kustom.ch\/fr\/produit\/core-nordic-ski-club-fz-pants-m\/","title":{"rendered":"CORE Nordic Ski Club FZ Pants M"},"content":{"rendered":"<p>Pantalon softshell coupe-vent et imperm\u00e9able avec fermeture \u00e9clair lat\u00e9rale continue pour tous les types d'entra\u00eenement en plein air.<br \/>\n- fermeture \u00e9clair unidirectionnelle avec fermeture \u00e9clair sur toute la longueur de la jambe<br \/>\n- Mat\u00e9riau \u00e9lastique 3L confortable, coupe-vent et imperm\u00e9able<br \/>\n- genoux pr\u00e9form\u00e9s pour un ajustement optimal<br \/>\n- jersey \u00e0 l'arri\u00e8re de la jambe pour l'a\u00e9ration<br \/>\n- Ceinture \u00e9lastique r\u00e9glable<br \/>\n- Bas de jambes \u00e9lastiques pour un bon maintien par-dessus les chaussures de ski<\/p>\n<p>Mat\u00e9riau : Corps : Avant 100% polyester recycl\u00e9 Milieu 100% polyur\u00e9thane Arri\u00e8re 100% polyester Bas du dos : 92 % polyester recycl\u00e9, 8 % \u00e9lasthanne<\/p>","protected":false},"excerpt":{"rendered":"<p><span><\/span><\/p>","protected":false},"featured_media":106809,"template":"","meta":[],"product_brand":[],"product_cat":[4185],"product_tag":[],"class_list":{"0":"post-106810","1":"product","2":"type-product","3":"status-publish","4":"has-post-thumbnail","6":"product_cat-hosen","7":"pa_brand-craft-retail-sportswear","8":"pa_brand-type-sportswear","9":"pa_filter-color-blau","10":"pa_filter-color-schwarz","12":"first","13":"instock","14":"sale","15":"taxable","16":"shipping-taxable","17":"purchasable","18":"product-type-variable","19":"add-to-wishlist-before_image"},"exclude_global_add_ons":[],"addons":[],"acf":[],"_links":{"self":[{"href":"https:\/\/shop.kustom.ch\/fr\/wp-json\/wp\/v2\/product\/106810"}],"collection":[{"href":"https:\/\/shop.kustom.ch\/fr\/wp-json\/wp\/v2\/product"}],"about":[{"href":"https:\/\/shop.kustom.ch\/fr\/wp-json\/wp\/v2\/types\/product"}],"wp:featuredmedia":[{"embeddable":true,"href":"https:\/\/shop.kustom.ch\/fr\/wp-json\/wp\/v2\/media\/106809"}],"wp:attachment":[{"href":"https:\/\/shop.kustom.ch\/fr\/wp-json\/wp\/v2\/media?parent=106810"}],"wp:term":[{"taxonomy":"product_brand","embeddable":true,"href":"https:\/\/shop.kustom.ch\/fr\/wp-json\/wp\/v2\/product_brand?post=106810"},{"taxonomy":"product_cat","embeddable":true,"href":"https:\/\/shop.kustom.ch\/fr\/wp-json\/wp\/v2\/product_cat?post=106810"},{"taxonomy":"product_tag","embeddable":true,"href":"https:\/\/shop.kustom.ch\/fr\/wp-json\/wp\/v2\/product_tag?post=106810"}],"curies":[{"name":"wp","href":"https:\/\/api.w.org\/{rel}","templated":true}]}}