{"id":106736,"date":"2024-03-20T18:17:57","date_gmt":"2024-03-20T17:17:57","guid":{"rendered":"https:\/\/kustomshop.kinsta.cloud\/produkt\/adv-nordic-ski-club-jacket-m\/"},"modified":"2026-03-27T14:41:12","modified_gmt":"2026-03-27T13:41:12","slug":"adv-nordic-ski-club-jacket-m","status":"publish","type":"product","link":"https:\/\/shop.kustom.ch\/fr\/produit\/adv-nordic-ski-club-jacket-m\/","title":{"rendered":"Veste ADV Nordic Ski Club M"},"content":{"rendered":"<p>Veste de ski de fond l\u00e9g\u00e8rement ouatin\u00e9e avec mat\u00e9riau 2 couches recycl\u00e9, coupe-vent et imperm\u00e9able \u00e0 l'avant et dos en jersey.<\/p>\n<p>- Tissu stretch en polyester recycl\u00e9 2 couches sur le devant et les manches, coupe-vent et imperm\u00e9able 8k\/10k<br \/>\n- Polyester recycl\u00e9 au dos pour l'\u00e9vacuation de l'humidit\u00e9 et le confort<br \/>\n- Face avant matelass\u00e9e avec rembourrage de 40 g\/m\u00b2 pour une isolation l\u00e9g\u00e8re<br \/>\n- Deux poches chauffe-mains avec fermeture \u00e9clair<br \/>\n- Ourlet inf\u00e9rieur r\u00e9glable<br \/>\n- jersey \u00e9lastique aux poignets pour une tenue ajust\u00e9e<br \/>\n- D\u00e9tails coll\u00e9s sur le devant, les manches et le dos<\/p>\n<p>Mat\u00e9riau : Corps : Avant 100% polyester recycl\u00e9 Arri\u00e8re 100% polyur\u00e9thane Manches : Avant 100% polyester recycl\u00e9 Arri\u00e8re corps : 100% polyester recycl\u00e9 Remplissage : 100% polyester<\/p>","protected":false},"excerpt":{"rendered":"<p><span><\/span><\/p>","protected":false},"featured_media":106735,"template":"","meta":[],"product_brand":[],"product_cat":[4186],"product_tag":[],"class_list":{"0":"post-106736","1":"product","2":"type-product","3":"status-publish","4":"has-post-thumbnail","6":"product_cat-jacken","7":"pa_brand-craft-retail-sportswear","8":"pa_brand-type-sportswear","9":"pa_filter-color-blau","10":"pa_filter-color-rot","11":"pa_filter-color-schwarz","13":"first","14":"instock","15":"sale","16":"taxable","17":"shipping-taxable","18":"purchasable","19":"product-type-variable","20":"add-to-wishlist-before_image"},"exclude_global_add_ons":[],"addons":[],"acf":[],"_links":{"self":[{"href":"https:\/\/shop.kustom.ch\/fr\/wp-json\/wp\/v2\/product\/106736"}],"collection":[{"href":"https:\/\/shop.kustom.ch\/fr\/wp-json\/wp\/v2\/product"}],"about":[{"href":"https:\/\/shop.kustom.ch\/fr\/wp-json\/wp\/v2\/types\/product"}],"wp:featuredmedia":[{"embeddable":true,"href":"https:\/\/shop.kustom.ch\/fr\/wp-json\/wp\/v2\/media\/106735"}],"wp:attachment":[{"href":"https:\/\/shop.kustom.ch\/fr\/wp-json\/wp\/v2\/media?parent=106736"}],"wp:term":[{"taxonomy":"product_brand","embeddable":true,"href":"https:\/\/shop.kustom.ch\/fr\/wp-json\/wp\/v2\/product_brand?post=106736"},{"taxonomy":"product_cat","embeddable":true,"href":"https:\/\/shop.kustom.ch\/fr\/wp-json\/wp\/v2\/product_cat?post=106736"},{"taxonomy":"product_tag","embeddable":true,"href":"https:\/\/shop.kustom.ch\/fr\/wp-json\/wp\/v2\/product_tag?post=106736"}],"curies":[{"name":"wp","href":"https:\/\/api.w.org\/{rel}","templated":true}]}}