{"id":106721,"date":"2024-03-20T18:17:51","date_gmt":"2024-03-20T17:17:51","guid":{"rendered":"https:\/\/kustomshop.kinsta.cloud\/produkt\/adv-warm-intensity-pant-m\/"},"modified":"2026-03-27T13:26:27","modified_gmt":"2026-03-27T12:26:27","slug":"adv-warm-intensity-pant-m","status":"publish","type":"product","link":"https:\/\/shop.kustom.ch\/fr\/produit\/adv-warm-intensity-pant-m\/","title":{"rendered":"Pantalon ADV Warm Intensity M"},"content":{"rendered":"<p>Baselayer pants chaud tricot\u00e9 en 3D avec peu de coutures, une coupe ajust\u00e9e, une grande \u00e9lasticit\u00e9, un int\u00e9rieur gratt\u00e9 et un design bodymapped pour une excellente gestion de la temp\u00e9rature corporelle.<br \/>\n- Coupe confortable<br \/>\n- Deux poches \u00e0 l'avant<br \/>\n- Logo Craft caoutchout\u00e9 sur la poitrine droite<br \/>\n- Logo caoutchout\u00e9 \u00e0 six points au milieu du dos<\/p>\n<p>Mati\u00e8re : 73% polyester 20% polyamide recycl\u00e9, 7% \u00e9lasthanne<\/p>","protected":false},"excerpt":{"rendered":"<p><span><\/span><\/p>","protected":false},"featured_media":106720,"template":"","meta":[],"product_brand":[],"product_cat":[4185],"product_tag":[],"class_list":{"0":"post-106721","1":"product","2":"type-product","3":"status-publish","4":"has-post-thumbnail","6":"product_cat-hosen","7":"pa_brand-craft-retail-sportswear","8":"pa_brand-type-sportswear","9":"pa_filter-color-grau","10":"pa_filter-color-schwarz","12":"first","13":"instock","14":"sale","15":"taxable","16":"shipping-taxable","17":"purchasable","18":"product-type-variable","19":"add-to-wishlist-before_image"},"exclude_global_add_ons":[],"addons":[],"acf":[],"_links":{"self":[{"href":"https:\/\/shop.kustom.ch\/fr\/wp-json\/wp\/v2\/product\/106721"}],"collection":[{"href":"https:\/\/shop.kustom.ch\/fr\/wp-json\/wp\/v2\/product"}],"about":[{"href":"https:\/\/shop.kustom.ch\/fr\/wp-json\/wp\/v2\/types\/product"}],"wp:featuredmedia":[{"embeddable":true,"href":"https:\/\/shop.kustom.ch\/fr\/wp-json\/wp\/v2\/media\/106720"}],"wp:attachment":[{"href":"https:\/\/shop.kustom.ch\/fr\/wp-json\/wp\/v2\/media?parent=106721"}],"wp:term":[{"taxonomy":"product_brand","embeddable":true,"href":"https:\/\/shop.kustom.ch\/fr\/wp-json\/wp\/v2\/product_brand?post=106721"},{"taxonomy":"product_cat","embeddable":true,"href":"https:\/\/shop.kustom.ch\/fr\/wp-json\/wp\/v2\/product_cat?post=106721"},{"taxonomy":"product_tag","embeddable":true,"href":"https:\/\/shop.kustom.ch\/fr\/wp-json\/wp\/v2\/product_tag?post=106721"}],"curies":[{"name":"wp","href":"https:\/\/api.w.org\/{rel}","templated":true}]}}