{"id":106699,"date":"2024-03-20T18:17:39","date_gmt":"2024-03-20T17:17:39","guid":{"rendered":"https:\/\/kustomshop.kinsta.cloud\/produkt\/adv-entity-duffel-100-l\/"},"modified":"2026-03-27T14:02:37","modified_gmt":"2026-03-27T13:02:37","slug":"adv-entity-duffel-100-l","status":"publish","type":"product","link":"https:\/\/shop.kustom.ch\/fr\/produit\/adv-entity-duffel-100-l\/","title":{"rendered":"Sac \u00e0 dos Adv Entity 100 L"},"content":{"rendered":"<p>Sac de sport universel r\u00e9sistant de 100 litres avec fermetures \u00e9clair imperm\u00e9ables et deux grandes poches lat\u00e9rales. Avec bretelles r\u00e9glables qui peuvent \u00eatre rang\u00e9es dans la poche lat\u00e9rale lorsqu'elles ne sont pas utilis\u00e9es.<br \/>\n- Mat\u00e9riau recycl\u00e9<br \/>\n-fermetures \u00e0 glissi\u00e8re r\u00e9sistantes \u00e0 l'eau<br \/>\n-Deux grandes poches lat\u00e9rales<br \/>\n-Bandouli\u00e8re r\u00e9glable et escamotable<br \/>\n-Ouverture en forme de D avec rabat r\u00e9sistant aux intemp\u00e9ries<br \/>\n-100 litres<br \/>\n-Poche en mesh avec fermeture \u00e9clair dans le rabat<br \/>\n-7 x 36 x 4 cm<\/p>\n<p>Mat\u00e9riau : Mat\u00e9riau 1 : 100% chlorure de polyvinyle. Mat\u00e9riau 2 : 50% polyester recycl\u00e9, 50% polyur\u00e9thane. Mat\u00e9riau 3 : 100% polyester<\/p>","protected":false},"excerpt":{"rendered":"<p><span><\/span><\/p>","protected":false},"featured_media":106698,"template":"","meta":[],"product_brand":[],"product_cat":[9643,4195],"product_tag":[],"class_list":{"0":"post-106699","1":"product","2":"type-product","3":"status-publish","4":"has-post-thumbnail","6":"product_cat-equipment","7":"product_cat-rucksaecke-taschen","8":"pa_brand-craft-retail-sportswear","9":"pa_brand-type-sportswear","10":"pa_filter-color-grau","11":"pa_filter-color-gruen","12":"pa_filter-color-orange","14":"first","15":"instock","16":"sale","17":"taxable","18":"shipping-taxable","19":"purchasable","20":"product-type-variable","21":"add-to-wishlist-before_image"},"exclude_global_add_ons":[],"addons":[],"acf":[],"_links":{"self":[{"href":"https:\/\/shop.kustom.ch\/fr\/wp-json\/wp\/v2\/product\/106699"}],"collection":[{"href":"https:\/\/shop.kustom.ch\/fr\/wp-json\/wp\/v2\/product"}],"about":[{"href":"https:\/\/shop.kustom.ch\/fr\/wp-json\/wp\/v2\/types\/product"}],"wp:featuredmedia":[{"embeddable":true,"href":"https:\/\/shop.kustom.ch\/fr\/wp-json\/wp\/v2\/media\/106698"}],"wp:attachment":[{"href":"https:\/\/shop.kustom.ch\/fr\/wp-json\/wp\/v2\/media?parent=106699"}],"wp:term":[{"taxonomy":"product_brand","embeddable":true,"href":"https:\/\/shop.kustom.ch\/fr\/wp-json\/wp\/v2\/product_brand?post=106699"},{"taxonomy":"product_cat","embeddable":true,"href":"https:\/\/shop.kustom.ch\/fr\/wp-json\/wp\/v2\/product_cat?post=106699"},{"taxonomy":"product_tag","embeddable":true,"href":"https:\/\/shop.kustom.ch\/fr\/wp-json\/wp\/v2\/product_tag?post=106699"}],"curies":[{"name":"wp","href":"https:\/\/api.w.org\/{rel}","templated":true}]}}