{"id":106682,"date":"2024-03-20T18:17:27","date_gmt":"2024-03-20T17:17:27","guid":{"rendered":"https:\/\/kustomshop.kinsta.cloud\/produkt\/adv-entity-travel-backpack-25-l\/"},"modified":"2026-03-27T13:58:01","modified_gmt":"2026-03-27T12:58:01","slug":"adv-entity-travel-backpack-25-l","status":"publish","type":"product","link":"https:\/\/shop.kustom.ch\/fr\/produit\/adv-entity-travel-backpack-25-l\/","title":{"rendered":"ADV Entity Sac \u00e0 dos de voyage 25 L"},"content":{"rendered":"<p>Sac \u00e0 dos outdoor pour les randonn\u00e9es \u00e0 la journ\u00e9e ou les voyages. Coupe ergonomique avec r\u00e9glage des hanches et de la poitrine, rabat imperm\u00e9able et poches pratiques pour ranger une veste de pluie ou une bouteille d'eau.<br \/>\n- Mat\u00e9riau recycl\u00e9<br \/>\n-fermetures \u00e0 glissi\u00e8re r\u00e9sistantes \u00e0 l'eau<br \/>\n-poche lat\u00e9rale en maille<br \/>\n-courroies r\u00e9glables<br \/>\n-\u00c9l\u00e9ments r\u00e9fl\u00e9chissants<br \/>\n-sac d'ordinateur rembourr\u00e9<br \/>\n-r\u00e9glage horizontal de la poitrine<br \/>\n-Ceinture r\u00e9glable<br \/>\n-48 x 29 x 18 cm<br \/>\n-25 litres<\/p>\n<p>Mati\u00e8re : Mati\u00e8re 1 : 50% polyester recycl\u00e9, 50% polyur\u00e9thane. Mat\u00e9riau 2 : 100% polyester<\/p>","protected":false},"excerpt":{"rendered":"<p><span><\/span><\/p>","protected":false},"featured_media":106681,"template":"","meta":[],"product_brand":[],"product_cat":[9643,4195],"product_tag":[],"class_list":{"0":"post-106682","1":"product","2":"type-product","3":"status-publish","4":"has-post-thumbnail","6":"product_cat-equipment","7":"product_cat-rucksaecke-taschen","8":"pa_brand-craft-retail-sportswear","9":"pa_brand-type-sportswear","10":"pa_filter-color-grau","11":"pa_filter-color-orange","13":"first","14":"instock","15":"sale","16":"taxable","17":"shipping-taxable","18":"purchasable","19":"product-type-variable","20":"add-to-wishlist-before_image"},"exclude_global_add_ons":[],"addons":[],"acf":[],"_links":{"self":[{"href":"https:\/\/shop.kustom.ch\/fr\/wp-json\/wp\/v2\/product\/106682"}],"collection":[{"href":"https:\/\/shop.kustom.ch\/fr\/wp-json\/wp\/v2\/product"}],"about":[{"href":"https:\/\/shop.kustom.ch\/fr\/wp-json\/wp\/v2\/types\/product"}],"wp:featuredmedia":[{"embeddable":true,"href":"https:\/\/shop.kustom.ch\/fr\/wp-json\/wp\/v2\/media\/106681"}],"wp:attachment":[{"href":"https:\/\/shop.kustom.ch\/fr\/wp-json\/wp\/v2\/media?parent=106682"}],"wp:term":[{"taxonomy":"product_brand","embeddable":true,"href":"https:\/\/shop.kustom.ch\/fr\/wp-json\/wp\/v2\/product_brand?post=106682"},{"taxonomy":"product_cat","embeddable":true,"href":"https:\/\/shop.kustom.ch\/fr\/wp-json\/wp\/v2\/product_cat?post=106682"},{"taxonomy":"product_tag","embeddable":true,"href":"https:\/\/shop.kustom.ch\/fr\/wp-json\/wp\/v2\/product_tag?post=106682"}],"curies":[{"name":"wp","href":"https:\/\/api.w.org\/{rel}","templated":true}]}}