{"id":106676,"date":"2024-03-20T18:17:23","date_gmt":"2024-03-20T17:17:23","guid":{"rendered":"https:\/\/kustomshop.kinsta.cloud\/produkt\/adv-entity-computer-backpack-18-l\/"},"modified":"2026-03-27T13:56:34","modified_gmt":"2026-03-27T12:56:34","slug":"adv-entity-computer-backpack-18-l","status":"publish","type":"product","link":"https:\/\/shop.kustom.ch\/fr\/produit\/adv-entity-computer-backpack-18-l\/","title":{"rendered":"ADV Entity Sac \u00e0 dos informatique 18 L"},"content":{"rendered":"<p>Sac \u00e0 dos pour banlieusards pour un usage quotidien. Le sac \u00e0 dos dispose d'une poche rembourr\u00e9e pour ordinateur, accessible aussi bien par la poche ext\u00e9rieure que par l'ouverture principale. Il dispose en outre d'une poche pratique pour ranger la veste de pluie ou la bouteille d'eau lors des d\u00e9placements.<br \/>\n- Mat\u00e9riau recycl\u00e9<br \/>\n-fermetures \u00e0 glissi\u00e8re r\u00e9sistantes \u00e0 l'eau<br \/>\n-Poche lat\u00e9rale pour bouteille d'eau<br \/>\n-sac d'ordinateur rembourr\u00e9<br \/>\n-\u00c9l\u00e9ments r\u00e9fl\u00e9chissants<br \/>\n-48 x 27 x 14 cm<br \/>\n-18 litres<\/p>\n<p>Mati\u00e8re : Mati\u00e8re 1 : 50% polyester recycl\u00e9, 50% polyur\u00e9thane. Mat\u00e9riau 2 : 100% polyester<\/p>","protected":false},"excerpt":{"rendered":"<p><span><\/span><\/p>","protected":false},"featured_media":106675,"template":"","meta":[],"product_brand":[],"product_cat":[9643,4195],"product_tag":[],"class_list":{"0":"post-106676","1":"product","2":"type-product","3":"status-publish","4":"has-post-thumbnail","6":"product_cat-equipment","7":"product_cat-rucksaecke-taschen","8":"pa_brand-craft-retail-sportswear","9":"pa_brand-type-sportswear","10":"pa_filter-color-grau","11":"pa_filter-color-orange","13":"first","14":"instock","15":"sale","16":"taxable","17":"shipping-taxable","18":"purchasable","19":"product-type-variable","20":"add-to-wishlist-before_image"},"exclude_global_add_ons":[],"addons":[],"acf":[],"_links":{"self":[{"href":"https:\/\/shop.kustom.ch\/fr\/wp-json\/wp\/v2\/product\/106676"}],"collection":[{"href":"https:\/\/shop.kustom.ch\/fr\/wp-json\/wp\/v2\/product"}],"about":[{"href":"https:\/\/shop.kustom.ch\/fr\/wp-json\/wp\/v2\/types\/product"}],"wp:featuredmedia":[{"embeddable":true,"href":"https:\/\/shop.kustom.ch\/fr\/wp-json\/wp\/v2\/media\/106675"}],"wp:attachment":[{"href":"https:\/\/shop.kustom.ch\/fr\/wp-json\/wp\/v2\/media?parent=106676"}],"wp:term":[{"taxonomy":"product_brand","embeddable":true,"href":"https:\/\/shop.kustom.ch\/fr\/wp-json\/wp\/v2\/product_brand?post=106676"},{"taxonomy":"product_cat","embeddable":true,"href":"https:\/\/shop.kustom.ch\/fr\/wp-json\/wp\/v2\/product_cat?post=106676"},{"taxonomy":"product_tag","embeddable":true,"href":"https:\/\/shop.kustom.ch\/fr\/wp-json\/wp\/v2\/product_tag?post=106676"}],"curies":[{"name":"wp","href":"https:\/\/api.w.org\/{rel}","templated":true}]}}