{"id":106659,"date":"2024-03-20T18:17:14","date_gmt":"2024-03-20T17:17:14","guid":{"rendered":"https:\/\/kustomshop.kinsta.cloud\/produkt\/core-essence-padded-glove\/"},"modified":"2026-03-27T14:13:27","modified_gmt":"2026-03-27T13:13:27","slug":"core-essence-padded-glove","status":"publish","type":"product","link":"https:\/\/shop.kustom.ch\/fr\/produit\/core-essence-padded-glove\/","title":{"rendered":"Core Essence Gant prot\u00e9g\u00e9"},"content":{"rendered":"<p>Gants d'entra\u00eenement chauds en jersey thermique recycl\u00e9 gratt\u00e9 avec rembourrage hydrofuge sur l'ext\u00e9rieur de la main et des doigts. Un excellent choix pour toutes les activit\u00e9s dans des conditions fra\u00eeches.<br \/>\n- Coupe confortable<br \/>\n- Deux poches \u00e0 l'avant<br \/>\n- Logo Craft caoutchout\u00e9 sur la poitrine droite<br \/>\n- Logo caoutchout\u00e9 \u00e0 six points au milieu du dos<\/p>\n<p>Mat\u00e9riau : Ext\u00e9rieur : 100% polyester Paume : 82% polyamide 18% \u00e9lasthanne Doublure : 100% polyester Rembourrage ext\u00e9rieur : 100% polyester<\/p>","protected":false},"excerpt":{"rendered":"<p>Warme Trainingshandschuhe aus angerautem Recycling-Thermo-Jersey mit wasserabweisender Polsterung an der Hand- und Fingeraussenseite. Eine ausgezeichnete Wahl f\u00fcr alle Aktivit\u00e4ten in k\u00fchlen Bedingungen. \u2022 Bequeme Passform \u2022 Zwei Taschen vorne \u2022 Gummiertes Craft-Logo im rechten Brustbereich \u2022 Gummiertes Sechs-Punkte-Logo in der R\u00fcckenmitte Material: Aussenseite: 100% Polyester Handfl\u00e4che: 82% Polyamid 18% Elastan Futter: 100% Polyester Aussenpolsterung: 100% [&hellip;]<\/p>\n","protected":false},"featured_media":106658,"template":"","meta":[],"product_brand":[],"product_cat":[4180],"product_tag":[],"class_list":{"0":"post-106659","1":"product","2":"type-product","3":"status-publish","4":"has-post-thumbnail","6":"product_cat-handschuhe","7":"pa_brand-craft-retail-sportswear","8":"pa_brand-type-sportswear","9":"pa_filter-color-schwarz","11":"first","12":"outofstock","13":"sale","14":"taxable","15":"shipping-taxable","16":"purchasable","17":"product-type-variable","18":"add-to-wishlist-before_image"},"exclude_global_add_ons":[],"addons":[],"acf":[],"_links":{"self":[{"href":"https:\/\/shop.kustom.ch\/fr\/wp-json\/wp\/v2\/product\/106659"}],"collection":[{"href":"https:\/\/shop.kustom.ch\/fr\/wp-json\/wp\/v2\/product"}],"about":[{"href":"https:\/\/shop.kustom.ch\/fr\/wp-json\/wp\/v2\/types\/product"}],"wp:featuredmedia":[{"embeddable":true,"href":"https:\/\/shop.kustom.ch\/fr\/wp-json\/wp\/v2\/media\/106658"}],"wp:attachment":[{"href":"https:\/\/shop.kustom.ch\/fr\/wp-json\/wp\/v2\/media?parent=106659"}],"wp:term":[{"taxonomy":"product_brand","embeddable":true,"href":"https:\/\/shop.kustom.ch\/fr\/wp-json\/wp\/v2\/product_brand?post=106659"},{"taxonomy":"product_cat","embeddable":true,"href":"https:\/\/shop.kustom.ch\/fr\/wp-json\/wp\/v2\/product_cat?post=106659"},{"taxonomy":"product_tag","embeddable":true,"href":"https:\/\/shop.kustom.ch\/fr\/wp-json\/wp\/v2\/product_tag?post=106659"}],"curies":[{"name":"wp","href":"https:\/\/api.w.org\/{rel}","templated":true}]}}