{"id":106642,"date":"2024-03-20T18:17:03","date_gmt":"2024-03-20T17:17:03","guid":{"rendered":"https:\/\/kustomshop.kinsta.cloud\/produkt\/core-essence-lumen-headband\/"},"modified":"2026-03-27T14:48:00","modified_gmt":"2026-03-27T13:48:00","slug":"core-essence-lumen-headband","status":"publish","type":"product","link":"https:\/\/shop.kustom.ch\/fr\/produit\/core-essence-lumen-headband\/","title":{"rendered":"CORE Essence Lumen Bandeau"},"content":{"rendered":"<p>Bandeau d'entra\u00eenement tr\u00e8s fonctionnel en jersey recycl\u00e9 doux et \u00e9lastique avec une impression r\u00e9fl\u00e9chissante sur tout le bandeau. Un excellent choix pour tous les types d'entra\u00eenement dans des conditions fra\u00eeches et sombres.<\/p>\n<p>- Impression r\u00e9fl\u00e9chissante sur tout le bandeau<br \/>\n- jersey recycl\u00e9 doux et non bross\u00e9<\/p>\n<p>Mati\u00e8re : 89 % polyester recycl\u00e9, 11 % \u00e9lasthanne<\/p>","protected":false},"excerpt":{"rendered":"<p><span><\/span><\/p>","protected":false},"featured_media":106641,"template":"","meta":[],"product_brand":[],"product_cat":[9643,4177],"product_tag":[],"class_list":{"0":"post-106642","1":"product","2":"type-product","3":"status-publish","4":"has-post-thumbnail","6":"product_cat-equipment","7":"product_cat-caps-muetzen","8":"pa_brand-craft-retail-sportswear","9":"pa_brand-type-sportswear","10":"pa_filter-color-schwarz","12":"first","13":"instock","14":"sale","15":"taxable","16":"shipping-taxable","17":"purchasable","18":"product-type-variable","19":"add-to-wishlist-before_image"},"exclude_global_add_ons":[],"addons":[],"acf":[],"_links":{"self":[{"href":"https:\/\/shop.kustom.ch\/fr\/wp-json\/wp\/v2\/product\/106642"}],"collection":[{"href":"https:\/\/shop.kustom.ch\/fr\/wp-json\/wp\/v2\/product"}],"about":[{"href":"https:\/\/shop.kustom.ch\/fr\/wp-json\/wp\/v2\/types\/product"}],"wp:featuredmedia":[{"embeddable":true,"href":"https:\/\/shop.kustom.ch\/fr\/wp-json\/wp\/v2\/media\/106641"}],"wp:attachment":[{"href":"https:\/\/shop.kustom.ch\/fr\/wp-json\/wp\/v2\/media?parent=106642"}],"wp:term":[{"taxonomy":"product_brand","embeddable":true,"href":"https:\/\/shop.kustom.ch\/fr\/wp-json\/wp\/v2\/product_brand?post=106642"},{"taxonomy":"product_cat","embeddable":true,"href":"https:\/\/shop.kustom.ch\/fr\/wp-json\/wp\/v2\/product_cat?post=106642"},{"taxonomy":"product_tag","embeddable":true,"href":"https:\/\/shop.kustom.ch\/fr\/wp-json\/wp\/v2\/product_tag?post=106642"}],"curies":[{"name":"wp","href":"https:\/\/api.w.org\/{rel}","templated":true}]}}