{"id":106599,"date":"2024-03-20T18:16:39","date_gmt":"2024-03-20T17:16:39","guid":{"rendered":"https:\/\/kustomshop.kinsta.cloud\/produkt\/core-essence-jersey-hat\/"},"modified":"2026-03-27T14:47:57","modified_gmt":"2026-03-27T13:47:57","slug":"core-essence-jersey-hat","status":"publish","type":"product","link":"https:\/\/shop.kustom.ch\/fr\/produit\/core-essence-jersey-hat\/","title":{"rendered":"Chapeau Core Essence Jersey"},"content":{"rendered":"<p>Casquette d'entra\u00eenement tr\u00e8s fonctionnelle en jersey stretch doux et recycl\u00e9 pour un confort exceptionnel. Un excellent choix pour toutes les activit\u00e9s dans des conditions fra\u00eeches. Bonne coupe.<br \/>\n- Coupe confortable<br \/>\n- Deux poches \u00e0 l'avant<br \/>\n- Logo Craft caoutchout\u00e9 sur la poitrine droite<br \/>\n- Logo caoutchout\u00e9 \u00e0 six points au milieu du dos<\/p>\n<p>Mati\u00e8re : 89% polyester recycl\u00e9 11% \u00e9lasthanne<\/p>","protected":false},"excerpt":{"rendered":"<p><span><\/span><\/p>","protected":false},"featured_media":106598,"template":"","meta":[],"product_brand":[],"product_cat":[9643,4177],"product_tag":[],"class_list":{"0":"post-106599","1":"product","2":"type-product","3":"status-publish","4":"has-post-thumbnail","6":"product_cat-equipment","7":"product_cat-caps-muetzen","8":"pa_brand-craft-retail-sportswear","9":"pa_brand-type-sportswear","10":"pa_filter-color-gruen","11":"pa_filter-color-orange","12":"pa_filter-color-schwarz","14":"first","15":"outofstock","16":"sale","17":"taxable","18":"shipping-taxable","19":"purchasable","20":"product-type-variable","21":"add-to-wishlist-before_image"},"exclude_global_add_ons":[],"addons":[],"acf":[],"_links":{"self":[{"href":"https:\/\/shop.kustom.ch\/fr\/wp-json\/wp\/v2\/product\/106599"}],"collection":[{"href":"https:\/\/shop.kustom.ch\/fr\/wp-json\/wp\/v2\/product"}],"about":[{"href":"https:\/\/shop.kustom.ch\/fr\/wp-json\/wp\/v2\/types\/product"}],"wp:featuredmedia":[{"embeddable":true,"href":"https:\/\/shop.kustom.ch\/fr\/wp-json\/wp\/v2\/media\/106598"}],"wp:attachment":[{"href":"https:\/\/shop.kustom.ch\/fr\/wp-json\/wp\/v2\/media?parent=106599"}],"wp:term":[{"taxonomy":"product_brand","embeddable":true,"href":"https:\/\/shop.kustom.ch\/fr\/wp-json\/wp\/v2\/product_brand?post=106599"},{"taxonomy":"product_cat","embeddable":true,"href":"https:\/\/shop.kustom.ch\/fr\/wp-json\/wp\/v2\/product_cat?post=106599"},{"taxonomy":"product_tag","embeddable":true,"href":"https:\/\/shop.kustom.ch\/fr\/wp-json\/wp\/v2\/product_tag?post=106599"}],"curies":[{"name":"wp","href":"https:\/\/api.w.org\/{rel}","templated":true}]}}