{"id":106573,"date":"2024-03-20T18:16:24","date_gmt":"2024-03-20T17:16:24","guid":{"rendered":"https:\/\/kustomshop.kinsta.cloud\/produkt\/adv-hit-zip-hoodie-w\/"},"modified":"2026-03-27T15:08:41","modified_gmt":"2026-03-27T14:08:41","slug":"adv-hit-zip-hoodie-w","status":"publish","type":"product","link":"https:\/\/shop.kustom.ch\/fr\/produit\/adv-hit-zip-hoodie-w\/","title":{"rendered":"ADV HiT Hoodie Zip W"},"content":{"rendered":"<p>Veste \u00e0 capuche en jersey doux et confortable avec fermeture \u00e9clair sur toute la longueur, en polyester recycl\u00e9 avec int\u00e9rieur gratt\u00e9. Pour tous les types d'activit\u00e9s. Deux poches lat\u00e9rales avec fermeture \u00e9clair.<\/p>\n<p>Mati\u00e8re : Devant et dos en jersey recycl\u00e9 doux et chaud ; Bande \u00e9lastique aux poignets ; Deux poches lat\u00e9rales<\/p>","protected":false},"excerpt":{"rendered":"<p><span><\/span><\/p>","protected":false},"featured_media":106572,"template":"","meta":[],"product_brand":[],"product_cat":[4184],"product_tag":[],"class_list":{"0":"post-106573","1":"product","2":"type-product","3":"status-publish","4":"has-post-thumbnail","6":"product_cat-hoodies-pullover","7":"pa_brand-craft-retail-sportswear","8":"pa_brand-type-sportswear","9":"pa_filter-color-violet","11":"first","12":"outofstock","13":"sale","14":"taxable","15":"shipping-taxable","16":"purchasable","17":"product-type-variable","18":"add-to-wishlist-before_image"},"exclude_global_add_ons":[],"addons":[],"acf":[],"_links":{"self":[{"href":"https:\/\/shop.kustom.ch\/fr\/wp-json\/wp\/v2\/product\/106573"}],"collection":[{"href":"https:\/\/shop.kustom.ch\/fr\/wp-json\/wp\/v2\/product"}],"about":[{"href":"https:\/\/shop.kustom.ch\/fr\/wp-json\/wp\/v2\/types\/product"}],"wp:featuredmedia":[{"embeddable":true,"href":"https:\/\/shop.kustom.ch\/fr\/wp-json\/wp\/v2\/media\/106572"}],"wp:attachment":[{"href":"https:\/\/shop.kustom.ch\/fr\/wp-json\/wp\/v2\/media?parent=106573"}],"wp:term":[{"taxonomy":"product_brand","embeddable":true,"href":"https:\/\/shop.kustom.ch\/fr\/wp-json\/wp\/v2\/product_brand?post=106573"},{"taxonomy":"product_cat","embeddable":true,"href":"https:\/\/shop.kustom.ch\/fr\/wp-json\/wp\/v2\/product_cat?post=106573"},{"taxonomy":"product_tag","embeddable":true,"href":"https:\/\/shop.kustom.ch\/fr\/wp-json\/wp\/v2\/product_tag?post=106573"}],"curies":[{"name":"wp","href":"https:\/\/api.w.org\/{rel}","templated":true}]}}