{"id":106550,"date":"2024-03-20T18:16:14","date_gmt":"2024-03-20T17:16:14","guid":{"rendered":"https:\/\/kustomshop.kinsta.cloud\/produkt\/adv-hit-zip-hoodie-m\/"},"modified":"2026-03-27T15:34:40","modified_gmt":"2026-03-27T14:34:40","slug":"adv-hit-zip-hoodie-m","status":"publish","type":"product","link":"https:\/\/shop.kustom.ch\/fr\/produit\/adv-hit-zip-hoodie-m\/","title":{"rendered":"Sweat \u00e0 capuche zipp\u00e9 ADV HiT M"},"content":{"rendered":"<p>Veste \u00e0 capuche en jersey doux et confortable avec fermeture \u00e9clair sur toute la longueur, en polyester recycl\u00e9 avec int\u00e9rieur gratt\u00e9. Pour tous les types d'activit\u00e9s. Deux poches lat\u00e9rales avec fermeture \u00e9clair.<br \/>\n- devant et dos en jersey recycl\u00e9 doux et chaud<br \/>\n- Bande \u00e9lastique aux poignets<br \/>\n- Deux poches lat\u00e9rales avec fermeture \u00e9clair<\/p>\n<p>Mati\u00e8re : Ext\u00e9rieur : 88% polyester recycl\u00e9 12% \u00e9lasthanne Face sup\u00e9rieure 60% polyester 40% \u00e9lasthanne<\/p>","protected":false},"excerpt":{"rendered":"<p><span><\/span><\/p>","protected":false},"featured_media":106549,"template":"","meta":[],"product_brand":[],"product_cat":[4184],"product_tag":[],"class_list":{"0":"post-106550","1":"product","2":"type-product","3":"status-publish","4":"has-post-thumbnail","6":"product_cat-hoodies-pullover","7":"pa_brand-craft-retail-sportswear","8":"pa_brand-type-sportswear","9":"pa_filter-color-grau","10":"pa_filter-color-gruen","12":"first","13":"outofstock","14":"sale","15":"taxable","16":"shipping-taxable","17":"purchasable","18":"product-type-variable","19":"add-to-wishlist-before_image"},"exclude_global_add_ons":[],"addons":[],"acf":[],"_links":{"self":[{"href":"https:\/\/shop.kustom.ch\/fr\/wp-json\/wp\/v2\/product\/106550"}],"collection":[{"href":"https:\/\/shop.kustom.ch\/fr\/wp-json\/wp\/v2\/product"}],"about":[{"href":"https:\/\/shop.kustom.ch\/fr\/wp-json\/wp\/v2\/types\/product"}],"wp:featuredmedia":[{"embeddable":true,"href":"https:\/\/shop.kustom.ch\/fr\/wp-json\/wp\/v2\/media\/106549"}],"wp:attachment":[{"href":"https:\/\/shop.kustom.ch\/fr\/wp-json\/wp\/v2\/media?parent=106550"}],"wp:term":[{"taxonomy":"product_brand","embeddable":true,"href":"https:\/\/shop.kustom.ch\/fr\/wp-json\/wp\/v2\/product_brand?post=106550"},{"taxonomy":"product_cat","embeddable":true,"href":"https:\/\/shop.kustom.ch\/fr\/wp-json\/wp\/v2\/product_cat?post=106550"},{"taxonomy":"product_tag","embeddable":true,"href":"https:\/\/shop.kustom.ch\/fr\/wp-json\/wp\/v2\/product_tag?post=106550"}],"curies":[{"name":"wp","href":"https:\/\/api.w.org\/{rel}","templated":true}]}}